{"id":9325,"date":"2020-10-09T16:41:17","date_gmt":"2020-10-09T14:41:17","guid":{"rendered":"https:\/\/www.stm-microtec.com\/?page_id=9325"},"modified":"2020-10-09T16:41:18","modified_gmt":"2020-10-09T14:41:18","slug":"mulini-laboratorio","status":"publish","type":"page","link":"https:\/\/www.stm-microtec.com\/it\/mulini-laboratorio\/","title":{"rendered":"Mulini Laboratorio"},"content":{"rendered":"<div id='av-layout-grid-1'  class='av-layout-grid-container av-b8ou3-3e249abe4dfb04920eaf52310ebb423a entry-content-wrapper main_color av-flex-cells  avia-builder-el-0  el_before_av_productgrid  avia-builder-el-first  intropagina av-cell-min-height av-cell-min-height-50  container_wrap fullsize'   data-av_minimum_height_pc='50'>\n\n<style type=\"text\/css\" data-created_by=\"avia_inline_auto\" id=\"style-css-av-kbqcvaj0-73047f074ac3d88e1a0a3265c24566dd\">\n.flex_cell.av-kbqcvaj0-73047f074ac3d88e1a0a3265c24566dd{\nvertical-align:middle;\nbackground-color:#f6f6f6;\n}\n.responsive #top #wrap_all .flex_cell.av-kbqcvaj0-73047f074ac3d88e1a0a3265c24566dd{\npadding:115px 140px 115px 140px !important;\n}\n<\/style>\n<div class='flex_cell av-kbqcvaj0-73047f074ac3d88e1a0a3265c24566dd av-gridrow-cell av_one_half no_margin  avia-builder-el-1  el_before_av_cell_one_half  avia-builder-el-first '  ><div class='flex_cell_inner'><section  class='av_textblock_section av-kbqcwkom-b5a74fdaad6449ab81074afb797674fb '   itemscope=\"itemscope\" itemtype=\"https:\/\/schema.org\/CreativeWork\" ><div class='avia_textblock'  itemprop=\"text\" ><h1>Mulini Laboratorio<\/h1>\n<p>La linea di laboratorio \u00e8 la scelta ideale per un reparto ricerca e sviluppo e per realt\u00e0 produttive con quantitativi di lavorazione limitati. Il mulino pilota \u00e8 una soluzione eccellente per le necessit\u00e0 di ricerca e per ottenere piccole produzioni con elevati standard qualitativi.<\/p>\n<p>Con la sua postazione di lavoro autonoma e versatile, si adatta alle necessit\u00e0 di trasformazione del prodotto ed \u00e8 facilmente utilizzabile da un tecnico per il rapido raggiungimento degli obiettivi prefissati.<\/p>\n<p>Le linee di laboratorio STM offrono una soluzione ideale per l\u2019ottenimento di parametri di processo, grazie all\u2019estrema qualit\u00e0 dei risultati granulometrici e alla loro versatilit\u00e0.<\/p>\n<p>STM si contraddistingue per una visione di lavoro intelligente, in un mondo dinamico, dove la valutazione di nuove potenzialit\u00e0 produttive richiede, sempre pi\u00f9 spesso, ricerche a basso costo con elevata acquisizione dei dati fisico\/chimici.<\/p>\n<\/div><\/section>\n<\/div><\/div>\n<style type=\"text\/css\" data-created_by=\"avia_inline_auto\" id=\"style-css-av-kbqcur00-9ea34fb22d328ddc2bcddf1704324d17\">\n.flex_cell.av-kbqcur00-9ea34fb22d328ddc2bcddf1704324d17{\nvertical-align:top;\nbackground:url(https:\/\/www.stm-microtec.com\/wp-content\/uploads\/2020\/08\/Lab-Mill-Titolo-2.jpg) 50% 100% no-repeat scroll ;\n}\n.responsive #top #wrap_all .flex_cell.av-kbqcur00-9ea34fb22d328ddc2bcddf1704324d17{\npadding:30px 30px 30px 30px !important;\n}\n<\/style>\n<div class='flex_cell av-kbqcur00-9ea34fb22d328ddc2bcddf1704324d17 av-gridrow-cell av_one_half no_margin  avia-builder-el-3  el_after_av_cell_one_half  avia-builder-el-last  avia-full-stretch'  ><div class='flex_cell_inner'>\n<style type=\"text\/css\" data-created_by=\"avia_inline_auto\" id=\"style-css-av-kbqdcvn5-7e682c76f0b1b403c512b01e7bf96a04\">\n#top .hr.hr-invisible.av-kbqdcvn5-7e682c76f0b1b403c512b01e7bf96a04{\nheight:400px;\n}\n<\/style>\n<div  class='hr av-kbqdcvn5-7e682c76f0b1b403c512b01e7bf96a04 hr-invisible  avia-builder-el-4  avia-builder-el-no-sibling '><span class='hr-inner '><span class=\"hr-inner-style\"><\/span><\/span><\/div>\n<\/div><\/div><\/div><div id='after_grid_row_1'  class='main_color av_default_container_wrap container_wrap fullsize'  ><div class='container av-section-cont-open' ><div class='template-page content  av-content-full alpha units'><div class='post-entry post-entry-type-page post-entry-9325'><div class='entry-content-wrapper clearfix'><div  class='avia-product-slider-container av-kckjdms3-90d7a1eb80647b4a43bf65c8f37c8126 template-shop avia-content-slider avia-content-grid-active shop_columns_3  avia-builder-el-5  el_after_av_layout_row  avia-builder-el-no-sibling  avia-content-slider-odd  avia-builder-el-5  el_after_av_layout_row  avia-builder-el-no-sibling  av-slideshow-ui av-slider-hover-pause av-slideshow-manual av-loop-once av-loop-manual-endless avia-product-slider1' data-slideshow-options=\"{&quot;animation&quot;:&quot;fade&quot;,&quot;autoplay&quot;:false,&quot;loop_autoplay&quot;:&quot;once&quot;,&quot;interval&quot;:5,&quot;loop_manual&quot;:&quot;manual-endless&quot;,&quot;autoplay_stopper&quot;:false,&quot;noNavigation&quot;:false,&quot;bg_slider&quot;:false,&quot;keep_padding&quot;:false,&quot;hoverpause&quot;:true,&quot;show_slide_delay&quot;:0}\"><div class=\"product-sorting\"><ul class=\"sort-param sort-param-order\"><li><span class='currently-selected'>Ordinare per <strong>Predefinito<\/strong><\/span><ul><li class=\"current-param\"><a href='?avia_extended_shop_select=yes&product_order=default' rel=\"nofollow\"><span class='avia-bullet'><\/span>Predefinito<\/a><\/li><li><a href='?avia_extended_shop_select=yes&product_order=menu_order' rel=\"nofollow\"><span class='avia-bullet'><\/span>Personalizzato<\/a><\/li><li><a href='?avia_extended_shop_select=yes&product_order=title' rel=\"nofollow\"><span class='avia-bullet'><\/span>Nome<\/a><\/li><li><a href='?avia_extended_shop_select=yes&product_order=price' rel=\"nofollow\"><span class='avia-bullet'><\/span>Prezzo<\/a><\/li><li><a href='?avia_extended_shop_select=yes&product_order=date' rel=\"nofollow\"><span class='avia-bullet'><\/span>Data<\/a><\/li><li><a href='?avia_extended_shop_select=yes&product_order=popularity' rel=\"nofollow\"><span class='avia-bullet'><\/span>I pi\u00f9 venduti (vendite)<\/a><\/li><li><a href='?avia_extended_shop_select=yes&product_order=rating' rel=\"nofollow\"><span class='avia-bullet'><\/span>Valutazione media<\/a><\/li><li><a href='?avia_extended_shop_select=yes&product_order=relevance' rel=\"nofollow\"><span class='avia-bullet'><\/span>Rilevanza<\/a><\/li><li><a href='?avia_extended_shop_select=yes&product_order=rand' rel=\"nofollow\"><span class='avia-bullet'><\/span>Casuale<\/a><\/li><li><a href='?avia_extended_shop_select=yes&product_order=id' rel=\"nofollow\"><span class='avia-bullet'><\/span>ID Prodotto<\/a><\/li><\/ul><\/li><\/ul><\/div><div class='avia-content-slider-inner'><ul class=\"products\"><li class=\"product type-product post-9332 status-publish first instock product_cat-mulini-laboratorio product_tag-adsorbito-uv product_tag-alginato-di-calcio product_tag-amisulpride-it product_tag-colorante-plastico product_tag-colore-resine-viniliche product_tag-creatina product_tag-deltametrina product_tag-e104-coloranti-alimentari product_tag-fruttosio product_tag-imidacloprid-it product_tag-olio-di-ricino-polvere product_tag-pellet-di-vernice product_tag-pepe product_tag-pigmenti-minerali-per-cosmesi product_tag-pigmenti-per-vestiti product_tag-pigmento-anticorrosivo product_tag-sodium-alginate-it product_tag-sodium-bicarbonate-it product_tag-stearato-di-zinco product_tag-talco-cosmetico product_tag-toner-it has-post-thumbnail shipping-taxable product-type-simple\">\n\t<div class='inner_product main_color wrapped_style noLightbox  av-product-class-'><a href=\"https:\/\/www.stm-microtec.com\/it\/prodotto\/linea-galileo\/\" class=\"woocommerce-LoopProduct-link woocommerce-loop-product__link\"><div class=\"thumbnail_container\"><img decoding=\"async\" loading=\"lazy\" width=\"450\" height=\"438\" src=\"https:\/\/www.stm-microtec.com\/wp-content\/uploads\/2020\/06\/lineaGalileo-2-500x487.jpg\" class=\"wp-image-544 avia-img-lazy-loading-544 attachment-shop_catalog size-shop_catalog wp-post-image\" alt=\"Zero Line\" srcset=\"https:\/\/www.stm-microtec.com\/wp-content\/uploads\/2020\/06\/lineaGalileo-2-500x487.jpg 500w, https:\/\/www.stm-microtec.com\/wp-content\/uploads\/2020\/06\/lineaGalileo-2-36x36.jpg 36w\" sizes=\"auto, (max-width: 450px) 100vw, 450px\" \/><span class=\"cart-loading\"><\/span><\/div><div class='inner_product_header'><div class='avia-arrow'><\/div><div class='inner_product_header_table'><div class='inner_product_header_cell'><h2 class=\"woocommerce-loop-product__title\">Linea Galileo<\/h2>\n<\/div><\/div><\/div><\/a><div class='avia_cart_buttons '><a href=\"https:\/\/www.stm-microtec.com\/it\/prodotto\/linea-galileo\/\" aria-describedby=\"woocommerce_loop_add_to_cart_link_describedby_9332\" data-quantity=\"1\" class=\"button product_type_simple\" data-product_id=\"9332\" data-product_sku=\"\" aria-label=\"Leggi di pi\u00f9 su &quot;Linea Galileo&quot;\" rel=\"nofollow\" data-success_message=\"\"><span aria-hidden='true' data-av_icon='\ue859' data-av_iconfont='entypo-fontello'><\/span> Leggi tutto<\/a>\t<span id=\"woocommerce_loop_add_to_cart_link_describedby_9332\" class=\"screen-reader-text\">\n\t\t\t<\/span>\n<a class=\"button show_details_button\" href=\"https:\/\/www.stm-microtec.com\/it\/prodotto\/linea-galileo\/\"><span aria-hidden='true' data-av_icon='\ue84b' data-av_iconfont='entypo-fontello'><\/span>  Mostra dettagli<\/a> <span class=\"button-mini-delimiter\"><\/span><\/div><\/div><\/li>\n<li class=\"product type-product post-9335 status-publish instock product_cat-mulini-laboratorio product_tag-adsorbito-uv product_tag-alginato-di-calcio product_tag-amisulpride-it product_tag-colorante-plastico product_tag-colore-resine-viniliche product_tag-creatina product_tag-deltametrina product_tag-e104-coloranti-alimentari product_tag-fruttosio product_tag-imidacloprid-it product_tag-olio-di-ricino-polvere product_tag-pellet-di-vernice product_tag-pepe product_tag-pigmenti-minerali-per-cosmesi product_tag-pigmenti-per-vestiti product_tag-pigmento-anticorrosivo product_tag-sodium-alginate-it product_tag-sodium-bicarbonate-it product_tag-stearato-di-zinco product_tag-talco-cosmetico product_tag-toner-it has-post-thumbnail shipping-taxable product-type-simple\">\n\t<div class='inner_product main_color wrapped_style noLightbox  av-product-class-'><a href=\"https:\/\/www.stm-microtec.com\/it\/prodotto\/linea-zero\/\" class=\"woocommerce-LoopProduct-link woocommerce-loop-product__link\"><div class=\"thumbnail_container\"><img decoding=\"async\" loading=\"lazy\" width=\"400\" height=\"380\" src=\"https:\/\/www.stm-microtec.com\/wp-content\/uploads\/2020\/07\/Construction-specifications-11-1.jpg\" class=\"wp-image-8678 avia-img-lazy-loading-8678 attachment-shop_catalog size-shop_catalog wp-post-image\" alt=\"\" srcset=\"https:\/\/www.stm-microtec.com\/wp-content\/uploads\/2020\/07\/Construction-specifications-11-1.jpg 400w, https:\/\/www.stm-microtec.com\/wp-content\/uploads\/2020\/07\/Construction-specifications-11-1-300x285.jpg 300w\" sizes=\"auto, (max-width: 400px) 100vw, 400px\" \/><span class=\"cart-loading\"><\/span><\/div><div class='inner_product_header'><div class='avia-arrow'><\/div><div class='inner_product_header_table'><div class='inner_product_header_cell'><h2 class=\"woocommerce-loop-product__title\">Linea Zero<\/h2>\n<\/div><\/div><\/div><\/a><div class='avia_cart_buttons '><a href=\"https:\/\/www.stm-microtec.com\/it\/prodotto\/linea-zero\/\" aria-describedby=\"woocommerce_loop_add_to_cart_link_describedby_9335\" data-quantity=\"1\" class=\"button product_type_simple\" data-product_id=\"9335\" data-product_sku=\"\" aria-label=\"Leggi di pi\u00f9 su &quot;Linea Zero&quot;\" rel=\"nofollow\" data-success_message=\"\"><span aria-hidden='true' data-av_icon='\ue859' data-av_iconfont='entypo-fontello'><\/span> Leggi tutto<\/a>\t<span id=\"woocommerce_loop_add_to_cart_link_describedby_9335\" class=\"screen-reader-text\">\n\t\t\t<\/span>\n<a class=\"button show_details_button\" href=\"https:\/\/www.stm-microtec.com\/it\/prodotto\/linea-zero\/\"><span aria-hidden='true' data-av_icon='\ue84b' data-av_iconfont='entypo-fontello'><\/span>  Mostra dettagli<\/a> <span class=\"button-mini-delimiter\"><\/span><\/div><\/div><\/li>\n<\/ul><\/div><\/div><div class=\"clear\"><\/div><\/p>\n","protected":false},"excerpt":{"rendered":"","protected":false},"author":3,"featured_media":0,"parent":0,"menu_order":0,"comment_status":"closed","ping_status":"closed","template":"","meta":{"footnotes":""},"class_list":["post-9325","page","type-page","status-publish","hentry"],"yoast_head":"<!-- This site is optimized with the Yoast SEO plugin v27.4 - https:\/\/yoast.com\/product\/yoast-seo-wordpress\/ -->\n<title>Mulini Laboratorio - STM Microtec<\/title>\n<meta name=\"robots\" content=\"index, follow, max-snippet:-1, max-image-preview:large, max-video-preview:-1\" \/>\n<link rel=\"canonical\" href=\"https:\/\/www.stm-microtec.com\/it\/mulini-laboratorio\/\" \/>\n<meta property=\"og:locale\" content=\"it_IT\" \/>\n<meta property=\"og:type\" content=\"article\" \/>\n<meta property=\"og:title\" content=\"Mulini Laboratorio - STM Microtec\" \/>\n<meta property=\"og:url\" content=\"https:\/\/www.stm-microtec.com\/it\/mulini-laboratorio\/\" \/>\n<meta property=\"og:site_name\" content=\"STM Microtec\" \/>\n<meta property=\"article:modified_time\" content=\"2020-10-09T14:41:18+00:00\" \/>\n<meta name=\"twitter:card\" content=\"summary_large_image\" \/>\n<meta name=\"twitter:label1\" content=\"Tempo di lettura stimato\" \/>\n\t<meta name=\"twitter:data1\" content=\"2 minuti\" \/>\n<script type=\"application\/ld+json\" class=\"yoast-schema-graph\">{\"@context\":\"https:\\\/\\\/schema.org\",\"@graph\":[{\"@type\":\"WebPage\",\"@id\":\"https:\\\/\\\/www.stm-microtec.com\\\/it\\\/mulini-laboratorio\\\/\",\"url\":\"https:\\\/\\\/www.stm-microtec.com\\\/it\\\/mulini-laboratorio\\\/\",\"name\":\"Mulini Laboratorio - STM Microtec\",\"isPartOf\":{\"@id\":\"https:\\\/\\\/www.stm-microtec.com\\\/it\\\/#website\"},\"datePublished\":\"2020-10-09T14:41:17+00:00\",\"dateModified\":\"2020-10-09T14:41:18+00:00\",\"breadcrumb\":{\"@id\":\"https:\\\/\\\/www.stm-microtec.com\\\/it\\\/mulini-laboratorio\\\/#breadcrumb\"},\"inLanguage\":\"it-IT\",\"potentialAction\":[{\"@type\":\"ReadAction\",\"target\":[\"https:\\\/\\\/www.stm-microtec.com\\\/it\\\/mulini-laboratorio\\\/\"]}]},{\"@type\":\"BreadcrumbList\",\"@id\":\"https:\\\/\\\/www.stm-microtec.com\\\/it\\\/mulini-laboratorio\\\/#breadcrumb\",\"itemListElement\":[{\"@type\":\"ListItem\",\"position\":1,\"name\":\"Home\",\"item\":\"https:\\\/\\\/www.stm-microtec.com\\\/it\\\/\"},{\"@type\":\"ListItem\",\"position\":2,\"name\":\"Mulini Laboratorio\"}]},{\"@type\":\"WebSite\",\"@id\":\"https:\\\/\\\/www.stm-microtec.com\\\/it\\\/#website\",\"url\":\"https:\\\/\\\/www.stm-microtec.com\\\/it\\\/\",\"name\":\"STM Microtec\",\"description\":\"INTEGRATED SOLUTIONS AND GRINDING TESTS FOR MILLING AND DOSING TECHNOLOGIES\",\"publisher\":{\"@id\":\"https:\\\/\\\/www.stm-microtec.com\\\/it\\\/#organization\"},\"potentialAction\":[{\"@type\":\"SearchAction\",\"target\":{\"@type\":\"EntryPoint\",\"urlTemplate\":\"https:\\\/\\\/www.stm-microtec.com\\\/it\\\/?s={search_term_string}\"},\"query-input\":{\"@type\":\"PropertyValueSpecification\",\"valueRequired\":true,\"valueName\":\"search_term_string\"}}],\"inLanguage\":\"it-IT\"},{\"@type\":\"Organization\",\"@id\":\"https:\\\/\\\/www.stm-microtec.com\\\/it\\\/#organization\",\"name\":\"STM Microtec\",\"url\":\"https:\\\/\\\/www.stm-microtec.com\\\/it\\\/\",\"logo\":{\"@type\":\"ImageObject\",\"inLanguage\":\"it-IT\",\"@id\":\"https:\\\/\\\/www.stm-microtec.com\\\/it\\\/#\\\/schema\\\/logo\\\/image\\\/\",\"url\":\"https:\\\/\\\/www.stm-microtec.com\\\/wp-content\\\/uploads\\\/2021\\\/06\\\/favicon.png\",\"contentUrl\":\"https:\\\/\\\/www.stm-microtec.com\\\/wp-content\\\/uploads\\\/2021\\\/06\\\/favicon.png\",\"width\":2928,\"height\":2928,\"caption\":\"STM Microtec\"},\"image\":{\"@id\":\"https:\\\/\\\/www.stm-microtec.com\\\/it\\\/#\\\/schema\\\/logo\\\/image\\\/\"}}]}<\/script>\n<!-- \/ Yoast SEO plugin. -->","yoast_head_json":{"title":"Mulini Laboratorio - STM Microtec","robots":{"index":"index","follow":"follow","max-snippet":"max-snippet:-1","max-image-preview":"max-image-preview:large","max-video-preview":"max-video-preview:-1"},"canonical":"https:\/\/www.stm-microtec.com\/it\/mulini-laboratorio\/","og_locale":"it_IT","og_type":"article","og_title":"Mulini Laboratorio - STM Microtec","og_url":"https:\/\/www.stm-microtec.com\/it\/mulini-laboratorio\/","og_site_name":"STM Microtec","article_modified_time":"2020-10-09T14:41:18+00:00","twitter_card":"summary_large_image","twitter_misc":{"Tempo di lettura stimato":"2 minuti"},"schema":{"@context":"https:\/\/schema.org","@graph":[{"@type":"WebPage","@id":"https:\/\/www.stm-microtec.com\/it\/mulini-laboratorio\/","url":"https:\/\/www.stm-microtec.com\/it\/mulini-laboratorio\/","name":"Mulini Laboratorio - STM Microtec","isPartOf":{"@id":"https:\/\/www.stm-microtec.com\/it\/#website"},"datePublished":"2020-10-09T14:41:17+00:00","dateModified":"2020-10-09T14:41:18+00:00","breadcrumb":{"@id":"https:\/\/www.stm-microtec.com\/it\/mulini-laboratorio\/#breadcrumb"},"inLanguage":"it-IT","potentialAction":[{"@type":"ReadAction","target":["https:\/\/www.stm-microtec.com\/it\/mulini-laboratorio\/"]}]},{"@type":"BreadcrumbList","@id":"https:\/\/www.stm-microtec.com\/it\/mulini-laboratorio\/#breadcrumb","itemListElement":[{"@type":"ListItem","position":1,"name":"Home","item":"https:\/\/www.stm-microtec.com\/it\/"},{"@type":"ListItem","position":2,"name":"Mulini Laboratorio"}]},{"@type":"WebSite","@id":"https:\/\/www.stm-microtec.com\/it\/#website","url":"https:\/\/www.stm-microtec.com\/it\/","name":"STM Microtec","description":"INTEGRATED SOLUTIONS AND GRINDING TESTS FOR MILLING AND DOSING TECHNOLOGIES","publisher":{"@id":"https:\/\/www.stm-microtec.com\/it\/#organization"},"potentialAction":[{"@type":"SearchAction","target":{"@type":"EntryPoint","urlTemplate":"https:\/\/www.stm-microtec.com\/it\/?s={search_term_string}"},"query-input":{"@type":"PropertyValueSpecification","valueRequired":true,"valueName":"search_term_string"}}],"inLanguage":"it-IT"},{"@type":"Organization","@id":"https:\/\/www.stm-microtec.com\/it\/#organization","name":"STM Microtec","url":"https:\/\/www.stm-microtec.com\/it\/","logo":{"@type":"ImageObject","inLanguage":"it-IT","@id":"https:\/\/www.stm-microtec.com\/it\/#\/schema\/logo\/image\/","url":"https:\/\/www.stm-microtec.com\/wp-content\/uploads\/2021\/06\/favicon.png","contentUrl":"https:\/\/www.stm-microtec.com\/wp-content\/uploads\/2021\/06\/favicon.png","width":2928,"height":2928,"caption":"STM Microtec"},"image":{"@id":"https:\/\/www.stm-microtec.com\/it\/#\/schema\/logo\/image\/"}}]}},"_links":{"self":[{"href":"https:\/\/www.stm-microtec.com\/it\/wp-json\/wp\/v2\/pages\/9325","targetHints":{"allow":["GET"]}}],"collection":[{"href":"https:\/\/www.stm-microtec.com\/it\/wp-json\/wp\/v2\/pages"}],"about":[{"href":"https:\/\/www.stm-microtec.com\/it\/wp-json\/wp\/v2\/types\/page"}],"author":[{"embeddable":true,"href":"https:\/\/www.stm-microtec.com\/it\/wp-json\/wp\/v2\/users\/3"}],"replies":[{"embeddable":true,"href":"https:\/\/www.stm-microtec.com\/it\/wp-json\/wp\/v2\/comments?post=9325"}],"version-history":[{"count":2,"href":"https:\/\/www.stm-microtec.com\/it\/wp-json\/wp\/v2\/pages\/9325\/revisions"}],"predecessor-version":[{"id":9328,"href":"https:\/\/www.stm-microtec.com\/it\/wp-json\/wp\/v2\/pages\/9325\/revisions\/9328"}],"wp:attachment":[{"href":"https:\/\/www.stm-microtec.com\/it\/wp-json\/wp\/v2\/media?parent=9325"}],"curies":[{"name":"wp","href":"https:\/\/api.w.org\/{rel}","templated":true}]}}