{"id":9028,"date":"2020-10-07T13:26:21","date_gmt":"2020-10-07T11:26:21","guid":{"rendered":"https:\/\/www.stm-microtec.com\/?page_id=9028"},"modified":"2024-02-06T14:41:31","modified_gmt":"2024-02-06T13:41:31","slug":"servizi","status":"publish","type":"page","link":"https:\/\/www.stm-microtec.com\/it\/servizi\/","title":{"rendered":"Servizi"},"content":{"rendered":"<div id='av-layout-grid-1'  class='av-layout-grid-container av-b8ou3-3e249abe4dfb04920eaf52310ebb423a entry-content-wrapper main_color av-flex-cells  avia-builder-el-0  el_before_av_one_half  avia-builder-el-first  intropagina av-cell-min-height av-cell-min-height-50  container_wrap fullsize'   data-av_minimum_height_pc='50'>\n\n<style type=\"text\/css\" data-created_by=\"avia_inline_auto\" id=\"style-css-av-kbqcvaj0-5cac2caa97017b0a79719712e6192208\">\n.flex_cell.av-kbqcvaj0-5cac2caa97017b0a79719712e6192208{\nvertical-align:middle;\nbackground-color:#f6f6f6;\n}\n.responsive #top #wrap_all .flex_cell.av-kbqcvaj0-5cac2caa97017b0a79719712e6192208{\npadding:140px 140px 140px 140px !important;\n}\n<\/style>\n<div class='flex_cell av-kbqcvaj0-5cac2caa97017b0a79719712e6192208 av-gridrow-cell av_one_half no_margin  avia-builder-el-1  el_before_av_cell_one_half  avia-builder-el-first '  ><div class='flex_cell_inner'><section  class='av_textblock_section av-kbqcwkom-7328caf6e6a31de2b9e64efcaf96dad3 '   itemscope=\"itemscope\" itemtype=\"https:\/\/schema.org\/CreativeWork\" ><div class='avia_textblock'  itemprop=\"text\" ><h1>Servizi<\/h1>\n<p>Ordinare i nostri prodotti e ricambi non \u00e8 mai stato cos\u00ec facile: prima devi registrare la tua azienda sul nostro sito web, poi puoi ordinare la quantit\u00e0 di prodotto che effettivamente desideri e la consegna in base alle tue esigenze.<\/p>\n<p>Per rendere pi\u00f9 facile la manutenzione della tua macchina, una volta registrato nel nostro sito, entrerai nel nostro database di ricevendo un servizio di assistenza personalizzato, che ti ricorda quando un pezzo, soggetto ad usura, deve essere sostituito.<\/p>\n<\/div><\/section>\n<\/div><\/div>\n<style type=\"text\/css\" data-created_by=\"avia_inline_auto\" id=\"style-css-av-kbqcur00-62e4fc5864d9db96fb2df66b81be4fdd\">\n.flex_cell.av-kbqcur00-62e4fc5864d9db96fb2df66b81be4fdd{\nvertical-align:top;\nbackground:url(https:\/\/www.stm-microtec.com\/wp-content\/uploads\/2020\/08\/eservice-stm.jpg) 50% 100% no-repeat scroll ;\n}\n.responsive #top #wrap_all .flex_cell.av-kbqcur00-62e4fc5864d9db96fb2df66b81be4fdd{\npadding:30px 30px 30px 30px !important;\n}\n<\/style>\n<div class='flex_cell av-kbqcur00-62e4fc5864d9db96fb2df66b81be4fdd av-gridrow-cell av_one_half no_margin  avia-builder-el-3  el_after_av_cell_one_half  avia-builder-el-last  avia-full-stretch'  ><div class='flex_cell_inner'>\n<style type=\"text\/css\" data-created_by=\"avia_inline_auto\" id=\"style-css-av-kbqdcvn5-7e682c76f0b1b403c512b01e7bf96a04\">\n#top .hr.hr-invisible.av-kbqdcvn5-7e682c76f0b1b403c512b01e7bf96a04{\nheight:400px;\n}\n<\/style>\n<div  class='hr av-kbqdcvn5-7e682c76f0b1b403c512b01e7bf96a04 hr-invisible  avia-builder-el-4  avia-builder-el-no-sibling '><span class='hr-inner '><span class=\"hr-inner-style\"><\/span><\/span><\/div>\n<\/div><\/div><\/div><div id='after_grid_row_1'  class='main_color av_default_container_wrap container_wrap fullsize'  ><div class='container av-section-cont-open' ><div class='template-page content  av-content-full alpha units'><div class='post-entry post-entry-type-page post-entry-9028'><div class='entry-content-wrapper clearfix'><div class='flex_column_table av-mm9fn-4e80de6f703a9bdc7fd1112488b65325 sc-av_one_half av-equal-height-column-flextable'>\n<style type=\"text\/css\" data-created_by=\"avia_inline_auto\" id=\"style-css-av-mm9fn-4e80de6f703a9bdc7fd1112488b65325\">\n#top .flex_column_table.av-equal-height-column-flextable.av-mm9fn-4e80de6f703a9bdc7fd1112488b65325{\nmargin-top:0px;\nmargin-bottom:0px;\n}\n.flex_column.av-mm9fn-4e80de6f703a9bdc7fd1112488b65325{\nborder-radius:0px 0px 0px 0px;\npadding:0px 0px 0px 0px;\n}\n<\/style>\n<div  class='flex_column av-mm9fn-4e80de6f703a9bdc7fd1112488b65325 av_one_half  avia-builder-el-5  el_after_av_layout_row  el_before_av_one_half  avia-builder-el-first  first flex_column_table_cell av-equal-height-column av-align-middle  '     ><style type=\"text\/css\" data-created_by=\"avia_inline_auto\" id=\"style-css-av-kdfqn0b5-59b3f3e7d6fafee0a7d8045fd937f763\">\n.avia-image-container.av-kdfqn0b5-59b3f3e7d6fafee0a7d8045fd937f763 img.avia_image{\nbox-shadow:none;\n}\n.avia-image-container.av-kdfqn0b5-59b3f3e7d6fafee0a7d8045fd937f763 .av-image-caption-overlay-center{\ncolor:#ffffff;\n}\n<\/style>\n<div  class='avia-image-container av-kdfqn0b5-59b3f3e7d6fafee0a7d8045fd937f763 av-styling- avia-align-center  avia-builder-el-6  avia-builder-el-no-sibling '   itemprop=\"image\" itemscope=\"itemscope\" itemtype=\"https:\/\/schema.org\/ImageObject\" ><div class=\"avia-image-container-inner\"><div class=\"avia-image-overlay-wrap\"><img decoding=\"async\" fetchpriority=\"high\" class='wp-image-9037 avia-img-lazy-loading-not-9037 avia_image ' src=\"https:\/\/www.stm-microtec.com\/wp-content\/uploads\/2020\/08\/DaragrindGlycol.jpg\" alt='' title='DaragrindGlycol'  height=\"377\" width=\"600\"  itemprop=\"thumbnailUrl\" srcset=\"https:\/\/www.stm-microtec.com\/wp-content\/uploads\/2020\/08\/DaragrindGlycol.jpg 600w, https:\/\/www.stm-microtec.com\/wp-content\/uploads\/2020\/08\/DaragrindGlycol-300x189.jpg 300w\" sizes=\"(max-width: 600px) 100vw, 600px\" \/><\/div><\/div><\/div><\/div><\/p>\n<div class='av-flex-placeholder'><\/div>\n<style type=\"text\/css\" data-created_by=\"avia_inline_auto\" id=\"style-css-av-mm9fn-de2e270f3591d5834ec0608c8aa3c908\">\n#top .flex_column_table.av-equal-height-column-flextable.av-mm9fn-de2e270f3591d5834ec0608c8aa3c908{\nmargin-top:0px;\nmargin-bottom:0px;\n}\n.flex_column.av-mm9fn-de2e270f3591d5834ec0608c8aa3c908{\nborder-radius:0px 0px 0px 0px;\npadding:0px 0px 0px 0px;\n}\n<\/style>\n<div  class='flex_column av-mm9fn-de2e270f3591d5834ec0608c8aa3c908 av_one_half  avia-builder-el-7  el_after_av_one_half  el_before_av_one_half  flex_column_table_cell av-equal-height-column av-align-middle av-zero-column-padding  '     ><p><section  class='av_textblock_section av-kbqd4ofm-f0f2fa85b34026a2091e7fbfe251810c '   itemscope=\"itemscope\" itemtype=\"https:\/\/schema.org\/CreativeWork\" ><div class='avia_textblock'  itemprop=\"text\" ><p><strong>Daragrind \u2013 Glicole<\/strong><\/p>\n<p>STM ha sviluppato un nuovo sistema per eliminare la formazione di incrostazioni di bicarbonato all&#8217;interno dei mulini di macinazione, grazie ad un prodotto, che allunga la vita della vostra macchina, evitando perdite di tempo per la manutenzione: Glycol Daragrind 136<\/p>\n<p>Come ben sanno i consumatori, il bicarbonato di sodio \u00e8 un prodotto igroscopico, quindi, una volta a contatto con l&#8217;umidit\u00e0 tende a solidificarsi generando una notevole incrostazione su tutte le parti interne dei mulini.<\/p>\n<p>Ci\u00f2 pu\u00f2 causare uno sbilanciamento di tutte le parti rotanti e l&#8217;ostruzione dei vari condotti per il flusso del materiale.<\/p>\n<p>Si generano forti vibrazioni con conseguente inevitabile rottura dei cuscinetti, relativi tempi di fermo e costi di riparazione. Oltre a ci\u00f2, si potrebbe avere un malfunzionamento del mulino dovuto all&#8217;ostruzione dei vari condotti.<\/p>\n<p>Il Glycol Daragrind 136 evita questi problemi aggiungendo questo prodotto con propriet\u00e0 antistatiche, antiaderente sulle parti interne del mulino e dell\u2019impianto.<\/p>\n<\/div><\/section><br \/>\n<div  class='avia-button-wrap av-kd8jq5qf-89f028bb4c9890393ec93c44c6e240ef-wrap avia-button-center  avia-builder-el-9  el_after_av_textblock  avia-builder-el-last '><a href='https:\/\/www.stm-microtec.com\/it\/contatti\/'  class='avia-button av-kd8jq5qf-89f028bb4c9890393ec93c44c6e240ef avia-icon_select-no avia-size-medium avia-position-center avia-color-theme-color'  ><span class='avia_iconbox_title' >Acquista ora<\/span><\/a><\/div><\/p><\/div><\/div><!--close column table wrapper. Autoclose: 1 -->\n<div class='flex_column_table av-mm9fn-4e80de6f703a9bdc7fd1112488b65325 sc-av_one_half av-equal-height-column-flextable'>\n<style type=\"text\/css\" data-created_by=\"avia_inline_auto\" id=\"style-css-av-mm9fn-4e80de6f703a9bdc7fd1112488b65325\">\n#top .flex_column_table.av-equal-height-column-flextable.av-mm9fn-4e80de6f703a9bdc7fd1112488b65325{\nmargin-top:0px;\nmargin-bottom:0px;\n}\n.flex_column.av-mm9fn-4e80de6f703a9bdc7fd1112488b65325{\nborder-radius:0px 0px 0px 0px;\npadding:0px 0px 0px 0px;\n}\n<\/style>\n<div  class='flex_column av-mm9fn-4e80de6f703a9bdc7fd1112488b65325 av_one_half  avia-builder-el-10  el_after_av_one_half  el_before_av_one_half  first flex_column_table_cell av-equal-height-column av-align-middle  column-top-margin'     ><section  class='av_textblock_section av-kbqd4ofm-f0f2fa85b34026a2091e7fbfe251810c '   itemscope=\"itemscope\" itemtype=\"https:\/\/schema.org\/CreativeWork\" ><div class='avia_textblock'  itemprop=\"text\" ><p><strong>Pezzi di ricambio<\/strong><\/p>\n<p>STM offre un servizio di ricambistica per mantenere la macchina sempre alla massima efficienza.<br \/>\nI ricambi possono essere gruppi completi, come i mozzi, per consentire ai nostri Clienti di sostituire facilmente il pezzo, evitando cos\u00ec perdite di tempo dovute a fermi macchina.<\/p>\n<p>Possono anche essere parti di piccole dimensioni, soggette ad usura, ad esempio guarnizioni o cuscinetti.<\/p>\n<p>Grazie ad un magazzino ben fornito, STM pu\u00f2 fornire rapidamente ai propri Clienti anche pezzi, che normalmente hanno tempi di consegna molto lunghi se acquistati direttamente dal produttore (motori elettrici, pompa glicole, ecc.).<\/p>\n<p>La scelta dei pezzi \u00e8 estremamente facile ed immediata, grazie ai disegni esplosi, che permettono all\u2019accuirente di focalizzare il pezzo necessario, e allo stesso tempo permette di supportare, tramite il nostro ufficio commerciale, a completa disposizione del Cliente nella scelta del giusto pezzo di ricambio.<\/p>\n<\/div><\/section><\/div>\n<div class='av-flex-placeholder'><\/div>\n<style type=\"text\/css\" data-created_by=\"avia_inline_auto\" id=\"style-css-av-mm9fn-6f67661b4c8052b3fa3e407e3943266c\">\n#top .flex_column_table.av-equal-height-column-flextable.av-mm9fn-6f67661b4c8052b3fa3e407e3943266c{\nmargin-top:0px;\nmargin-bottom:0px;\n}\n.flex_column.av-mm9fn-6f67661b4c8052b3fa3e407e3943266c{\nborder-radius:0px 0px 0px 0px;\npadding:20px 0px 0px 0px;\n}\n<\/style>\n<div  class='flex_column av-mm9fn-6f67661b4c8052b3fa3e407e3943266c av_one_half  avia-builder-el-12  el_after_av_one_half  el_before_av_one_half  flex_column_table_cell av-equal-height-column av-align-middle  column-top-margin'     ><section  class='av_textblock_section av-kbqd4ofm-f0f2fa85b34026a2091e7fbfe251810c '   itemscope=\"itemscope\" itemtype=\"https:\/\/schema.org\/CreativeWork\" ><div class='avia_textblock'  itemprop=\"text\" ><p><strong>\u00a0\u00a0<\/strong><br \/>\n<img loading=\"lazy\" decoding=\"async\" class=\"alignleft size-full wp-image-7930\" src=\"https:\/\/www.stm-microtec.com\/wp-content\/uploads\/2020\/08\/SpareParts.jpg\" alt=\"\" width=\"600\" height=\"399\" srcset=\"https:\/\/www.stm-microtec.com\/wp-content\/uploads\/2020\/08\/SpareParts.jpg 600w, https:\/\/www.stm-microtec.com\/wp-content\/uploads\/2020\/08\/SpareParts-300x200.jpg 300w\" sizes=\"auto, (max-width: 600px) 100vw, 600px\" \/><\/p>\n<\/div><\/section><\/div><\/div><!--close column table wrapper. Autoclose: 1 -->\n\n<style type=\"text\/css\" data-created_by=\"avia_inline_auto\" id=\"style-css-av-mm9fn-44750cbccb69985d7f15e78d6f0e62ca\">\n#top .flex_column.av-mm9fn-44750cbccb69985d7f15e78d6f0e62ca{\nmargin-top:0px;\nmargin-bottom:0px;\n}\n.flex_column.av-mm9fn-44750cbccb69985d7f15e78d6f0e62ca{\nborder-radius:0px 0px 0px 0px;\npadding:0px 0px 0px 0px;\n}\n.responsive #top #wrap_all .flex_column.av-mm9fn-44750cbccb69985d7f15e78d6f0e62ca{\nmargin-top:0px;\nmargin-bottom:0px;\n}\n<\/style>\n<div  class='flex_column av-mm9fn-44750cbccb69985d7f15e78d6f0e62ca av_one_half  avia-builder-el-14  el_after_av_one_half  el_before_av_one_half  first flex_column_div av-zero-column-padding  column-top-margin'     ><section  class='av_textblock_section av-kbqd4ofm-f0f2fa85b34026a2091e7fbfe251810c '   itemscope=\"itemscope\" itemtype=\"https:\/\/schema.org\/CreativeWork\" ><div class='avia_textblock'  itemprop=\"text\" ><p><strong>Restyling \/ Revamping del tuo impianto<\/strong><\/p>\n<p>STM lavora in risposta alle richieste specifiche dei clienti nonch\u00e9 alle richieste dei singoli processi, analizzando le problematiche e consigliando il sistema di macinazione pi\u00f9 idoneo, tenendo conto del budget disponibile per ogni progetto.<\/p>\n<p>STM propone una serie di macchine usate, tutte completamente revisionate e garantite, a prezzi vantaggiosi, competitive e con un ottimo rapporto qualit\u00e0 prezzo.<\/p>\n<\/div><\/section><\/div>\n\n<style type=\"text\/css\" data-created_by=\"avia_inline_auto\" id=\"style-css-av-mm9fn-de2e270f3591d5834ec0608c8aa3c908\">\n#top .flex_column.av-mm9fn-de2e270f3591d5834ec0608c8aa3c908{\nmargin-top:0px;\nmargin-bottom:0px;\n}\n.flex_column.av-mm9fn-de2e270f3591d5834ec0608c8aa3c908{\nborder-radius:0px 0px 0px 0px;\npadding:0px 0px 0px 0px;\n}\n.responsive #top #wrap_all .flex_column.av-mm9fn-de2e270f3591d5834ec0608c8aa3c908{\nmargin-top:0px;\nmargin-bottom:0px;\n}\n<\/style>\n<div  class='flex_column av-mm9fn-de2e270f3591d5834ec0608c8aa3c908 av_one_half  avia-builder-el-16  el_after_av_one_half  el_before_av_one_half  flex_column_div av-zero-column-padding  column-top-margin'     ><section  class='av_textblock_section av-kbqd4ofm-f0f2fa85b34026a2091e7fbfe251810c '   itemscope=\"itemscope\" itemtype=\"https:\/\/schema.org\/CreativeWork\" ><div class='avia_textblock'  itemprop=\"text\" ><p><strong>\u00a0<\/strong><\/p>\n<p>In decenni di collaborazione con gli utilizzatori finali, STM ha saputo attuare un costante rinnovamento della propria produzione, aggiornando i meccanismi di macinazione degli impianti esistenti e determinando un buon turnover di micronizzatori e classificatori.<\/p>\n<p>La qualit\u00e0 \u00e8 la massima priorit\u00e0 del progetto &#8220;usato e garantito&#8221; di STM e questo approccio alla produzione \u00e8 insito nei nostri prodotti, che continuano a essere considerati affidabili per la loro durevolezza e funzionamento a lungo termine.<\/p>\n<\/div><\/section><\/div>\n\n<style type=\"text\/css\" data-created_by=\"avia_inline_auto\" id=\"style-css-av-mm9fn-44750cbccb69985d7f15e78d6f0e62ca\">\n#top .flex_column.av-mm9fn-44750cbccb69985d7f15e78d6f0e62ca{\nmargin-top:0px;\nmargin-bottom:0px;\n}\n.flex_column.av-mm9fn-44750cbccb69985d7f15e78d6f0e62ca{\nborder-radius:0px 0px 0px 0px;\npadding:0px 0px 0px 0px;\n}\n.responsive #top #wrap_all .flex_column.av-mm9fn-44750cbccb69985d7f15e78d6f0e62ca{\nmargin-top:0px;\nmargin-bottom:0px;\n}\n<\/style>\n<div  class='flex_column av-mm9fn-44750cbccb69985d7f15e78d6f0e62ca av_one_half  avia-builder-el-18  el_after_av_one_half  el_before_av_one_half  first flex_column_div av-zero-column-padding  column-top-margin'     ><section  class='av_textblock_section av-kbqd4ofm-f0f2fa85b34026a2091e7fbfe251810c '   itemscope=\"itemscope\" itemtype=\"https:\/\/schema.org\/CreativeWork\" ><div class='avia_textblock'  itemprop=\"text\" ><p><img loading=\"lazy\" decoding=\"async\" class=\"alignleft size-full wp-image-7908\" src=\"https:\/\/www.stm-microtec.com\/wp-content\/uploads\/2020\/08\/Restyle-before.jpg\" alt=\"\" width=\"600\" height=\"450\" srcset=\"https:\/\/www.stm-microtec.com\/wp-content\/uploads\/2020\/08\/Restyle-before.jpg 600w, https:\/\/www.stm-microtec.com\/wp-content\/uploads\/2020\/08\/Restyle-before-300x225.jpg 300w\" sizes=\"auto, (max-width: 600px) 100vw, 600px\" \/><\/p>\n<\/div><\/section><\/div>\n\n<style type=\"text\/css\" data-created_by=\"avia_inline_auto\" id=\"style-css-av-mm9fn-de2e270f3591d5834ec0608c8aa3c908\">\n#top .flex_column.av-mm9fn-de2e270f3591d5834ec0608c8aa3c908{\nmargin-top:0px;\nmargin-bottom:0px;\n}\n.flex_column.av-mm9fn-de2e270f3591d5834ec0608c8aa3c908{\nborder-radius:0px 0px 0px 0px;\npadding:0px 0px 0px 0px;\n}\n.responsive #top #wrap_all .flex_column.av-mm9fn-de2e270f3591d5834ec0608c8aa3c908{\nmargin-top:0px;\nmargin-bottom:0px;\n}\n<\/style>\n<div  class='flex_column av-mm9fn-de2e270f3591d5834ec0608c8aa3c908 av_one_half  avia-builder-el-20  el_after_av_one_half  avia-builder-el-last  flex_column_div av-zero-column-padding  column-top-margin'     ><section  class='av_textblock_section av-kbqd4ofm-f0f2fa85b34026a2091e7fbfe251810c '   itemscope=\"itemscope\" itemtype=\"https:\/\/schema.org\/CreativeWork\" ><div class='avia_textblock'  itemprop=\"text\" ><p><img loading=\"lazy\" decoding=\"async\" class=\"alignleft size-full wp-image-7907\" src=\"https:\/\/www.stm-microtec.com\/wp-content\/uploads\/2020\/08\/Restyle-after.jpg\" alt=\"\" width=\"600\" height=\"450\" srcset=\"https:\/\/www.stm-microtec.com\/wp-content\/uploads\/2020\/08\/Restyle-after.jpg 600w, https:\/\/www.stm-microtec.com\/wp-content\/uploads\/2020\/08\/Restyle-after-300x225.jpg 300w\" sizes=\"auto, (max-width: 600px) 100vw, 600px\" \/><\/p>\n<\/div><\/section><\/div>\n","protected":false},"excerpt":{"rendered":"","protected":false},"author":3,"featured_media":9039,"parent":0,"menu_order":0,"comment_status":"closed","ping_status":"closed","template":"","meta":{"footnotes":""},"class_list":["post-9028","page","type-page","status-publish","has-post-thumbnail","hentry"],"yoast_head":"<!-- This site is optimized with the Yoast SEO plugin v27.3 - https:\/\/yoast.com\/product\/yoast-seo-wordpress\/ -->\n<title>Servizi - STM Microtec<\/title>\n<meta name=\"robots\" content=\"index, follow, max-snippet:-1, max-image-preview:large, max-video-preview:-1\" \/>\n<link rel=\"canonical\" href=\"https:\/\/www.stm-microtec.com\/it\/servizi\/\" \/>\n<meta property=\"og:locale\" content=\"it_IT\" \/>\n<meta property=\"og:type\" content=\"article\" \/>\n<meta property=\"og:title\" content=\"Servizi - STM Microtec\" \/>\n<meta property=\"og:url\" content=\"https:\/\/www.stm-microtec.com\/it\/servizi\/\" \/>\n<meta property=\"og:site_name\" content=\"STM Microtec\" \/>\n<meta property=\"article:modified_time\" content=\"2024-02-06T13:41:31+00:00\" \/>\n<meta property=\"og:image\" content=\"https:\/\/www.stm-microtec.com\/wp-content\/uploads\/2020\/07\/hand-shake.jpg\" \/>\n\t<meta property=\"og:image:width\" content=\"1024\" \/>\n\t<meta property=\"og:image:height\" content=\"610\" \/>\n\t<meta property=\"og:image:type\" content=\"image\/jpeg\" \/>\n<meta name=\"twitter:card\" content=\"summary_large_image\" \/>\n<meta name=\"twitter:label1\" content=\"Tempo di lettura stimato\" \/>\n\t<meta name=\"twitter:data1\" content=\"6 minuti\" \/>\n<script type=\"application\/ld+json\" class=\"yoast-schema-graph\">{\"@context\":\"https:\\\/\\\/schema.org\",\"@graph\":[{\"@type\":\"WebPage\",\"@id\":\"https:\\\/\\\/www.stm-microtec.com\\\/it\\\/servizi\\\/\",\"url\":\"https:\\\/\\\/www.stm-microtec.com\\\/it\\\/servizi\\\/\",\"name\":\"Servizi - STM Microtec\",\"isPartOf\":{\"@id\":\"https:\\\/\\\/www.stm-microtec.com\\\/it\\\/#website\"},\"primaryImageOfPage\":{\"@id\":\"https:\\\/\\\/www.stm-microtec.com\\\/it\\\/servizi\\\/#primaryimage\"},\"image\":{\"@id\":\"https:\\\/\\\/www.stm-microtec.com\\\/it\\\/servizi\\\/#primaryimage\"},\"thumbnailUrl\":\"https:\\\/\\\/www.stm-microtec.com\\\/wp-content\\\/uploads\\\/2020\\\/07\\\/hand-shake.jpg\",\"datePublished\":\"2020-10-07T11:26:21+00:00\",\"dateModified\":\"2024-02-06T13:41:31+00:00\",\"breadcrumb\":{\"@id\":\"https:\\\/\\\/www.stm-microtec.com\\\/it\\\/servizi\\\/#breadcrumb\"},\"inLanguage\":\"it-IT\",\"potentialAction\":[{\"@type\":\"ReadAction\",\"target\":[\"https:\\\/\\\/www.stm-microtec.com\\\/it\\\/servizi\\\/\"]}]},{\"@type\":\"ImageObject\",\"inLanguage\":\"it-IT\",\"@id\":\"https:\\\/\\\/www.stm-microtec.com\\\/it\\\/servizi\\\/#primaryimage\",\"url\":\"https:\\\/\\\/www.stm-microtec.com\\\/wp-content\\\/uploads\\\/2020\\\/07\\\/hand-shake.jpg\",\"contentUrl\":\"https:\\\/\\\/www.stm-microtec.com\\\/wp-content\\\/uploads\\\/2020\\\/07\\\/hand-shake.jpg\",\"width\":1024,\"height\":610},{\"@type\":\"BreadcrumbList\",\"@id\":\"https:\\\/\\\/www.stm-microtec.com\\\/it\\\/servizi\\\/#breadcrumb\",\"itemListElement\":[{\"@type\":\"ListItem\",\"position\":1,\"name\":\"Home\",\"item\":\"https:\\\/\\\/www.stm-microtec.com\\\/it\\\/\"},{\"@type\":\"ListItem\",\"position\":2,\"name\":\"Servizi\"}]},{\"@type\":\"WebSite\",\"@id\":\"https:\\\/\\\/www.stm-microtec.com\\\/it\\\/#website\",\"url\":\"https:\\\/\\\/www.stm-microtec.com\\\/it\\\/\",\"name\":\"STM Microtec\",\"description\":\"INTEGRATED SOLUTIONS AND GRINDING TESTS FOR MILLING AND DOSING TECHNOLOGIES\",\"publisher\":{\"@id\":\"https:\\\/\\\/www.stm-microtec.com\\\/it\\\/#organization\"},\"potentialAction\":[{\"@type\":\"SearchAction\",\"target\":{\"@type\":\"EntryPoint\",\"urlTemplate\":\"https:\\\/\\\/www.stm-microtec.com\\\/it\\\/?s={search_term_string}\"},\"query-input\":{\"@type\":\"PropertyValueSpecification\",\"valueRequired\":true,\"valueName\":\"search_term_string\"}}],\"inLanguage\":\"it-IT\"},{\"@type\":\"Organization\",\"@id\":\"https:\\\/\\\/www.stm-microtec.com\\\/it\\\/#organization\",\"name\":\"STM Microtec\",\"url\":\"https:\\\/\\\/www.stm-microtec.com\\\/it\\\/\",\"logo\":{\"@type\":\"ImageObject\",\"inLanguage\":\"it-IT\",\"@id\":\"https:\\\/\\\/www.stm-microtec.com\\\/it\\\/#\\\/schema\\\/logo\\\/image\\\/\",\"url\":\"https:\\\/\\\/www.stm-microtec.com\\\/wp-content\\\/uploads\\\/2021\\\/06\\\/favicon.png\",\"contentUrl\":\"https:\\\/\\\/www.stm-microtec.com\\\/wp-content\\\/uploads\\\/2021\\\/06\\\/favicon.png\",\"width\":2928,\"height\":2928,\"caption\":\"STM Microtec\"},\"image\":{\"@id\":\"https:\\\/\\\/www.stm-microtec.com\\\/it\\\/#\\\/schema\\\/logo\\\/image\\\/\"}}]}<\/script>\n<!-- \/ Yoast SEO plugin. -->","yoast_head_json":{"title":"Servizi - STM Microtec","robots":{"index":"index","follow":"follow","max-snippet":"max-snippet:-1","max-image-preview":"max-image-preview:large","max-video-preview":"max-video-preview:-1"},"canonical":"https:\/\/www.stm-microtec.com\/it\/servizi\/","og_locale":"it_IT","og_type":"article","og_title":"Servizi - STM Microtec","og_url":"https:\/\/www.stm-microtec.com\/it\/servizi\/","og_site_name":"STM Microtec","article_modified_time":"2024-02-06T13:41:31+00:00","og_image":[{"width":1024,"height":610,"url":"https:\/\/www.stm-microtec.com\/wp-content\/uploads\/2020\/07\/hand-shake.jpg","type":"image\/jpeg"}],"twitter_card":"summary_large_image","twitter_misc":{"Tempo di lettura stimato":"6 minuti"},"schema":{"@context":"https:\/\/schema.org","@graph":[{"@type":"WebPage","@id":"https:\/\/www.stm-microtec.com\/it\/servizi\/","url":"https:\/\/www.stm-microtec.com\/it\/servizi\/","name":"Servizi - STM Microtec","isPartOf":{"@id":"https:\/\/www.stm-microtec.com\/it\/#website"},"primaryImageOfPage":{"@id":"https:\/\/www.stm-microtec.com\/it\/servizi\/#primaryimage"},"image":{"@id":"https:\/\/www.stm-microtec.com\/it\/servizi\/#primaryimage"},"thumbnailUrl":"https:\/\/www.stm-microtec.com\/wp-content\/uploads\/2020\/07\/hand-shake.jpg","datePublished":"2020-10-07T11:26:21+00:00","dateModified":"2024-02-06T13:41:31+00:00","breadcrumb":{"@id":"https:\/\/www.stm-microtec.com\/it\/servizi\/#breadcrumb"},"inLanguage":"it-IT","potentialAction":[{"@type":"ReadAction","target":["https:\/\/www.stm-microtec.com\/it\/servizi\/"]}]},{"@type":"ImageObject","inLanguage":"it-IT","@id":"https:\/\/www.stm-microtec.com\/it\/servizi\/#primaryimage","url":"https:\/\/www.stm-microtec.com\/wp-content\/uploads\/2020\/07\/hand-shake.jpg","contentUrl":"https:\/\/www.stm-microtec.com\/wp-content\/uploads\/2020\/07\/hand-shake.jpg","width":1024,"height":610},{"@type":"BreadcrumbList","@id":"https:\/\/www.stm-microtec.com\/it\/servizi\/#breadcrumb","itemListElement":[{"@type":"ListItem","position":1,"name":"Home","item":"https:\/\/www.stm-microtec.com\/it\/"},{"@type":"ListItem","position":2,"name":"Servizi"}]},{"@type":"WebSite","@id":"https:\/\/www.stm-microtec.com\/it\/#website","url":"https:\/\/www.stm-microtec.com\/it\/","name":"STM Microtec","description":"INTEGRATED SOLUTIONS AND GRINDING TESTS FOR MILLING AND DOSING TECHNOLOGIES","publisher":{"@id":"https:\/\/www.stm-microtec.com\/it\/#organization"},"potentialAction":[{"@type":"SearchAction","target":{"@type":"EntryPoint","urlTemplate":"https:\/\/www.stm-microtec.com\/it\/?s={search_term_string}"},"query-input":{"@type":"PropertyValueSpecification","valueRequired":true,"valueName":"search_term_string"}}],"inLanguage":"it-IT"},{"@type":"Organization","@id":"https:\/\/www.stm-microtec.com\/it\/#organization","name":"STM Microtec","url":"https:\/\/www.stm-microtec.com\/it\/","logo":{"@type":"ImageObject","inLanguage":"it-IT","@id":"https:\/\/www.stm-microtec.com\/it\/#\/schema\/logo\/image\/","url":"https:\/\/www.stm-microtec.com\/wp-content\/uploads\/2021\/06\/favicon.png","contentUrl":"https:\/\/www.stm-microtec.com\/wp-content\/uploads\/2021\/06\/favicon.png","width":2928,"height":2928,"caption":"STM Microtec"},"image":{"@id":"https:\/\/www.stm-microtec.com\/it\/#\/schema\/logo\/image\/"}}]}},"_links":{"self":[{"href":"https:\/\/www.stm-microtec.com\/it\/wp-json\/wp\/v2\/pages\/9028","targetHints":{"allow":["GET"]}}],"collection":[{"href":"https:\/\/www.stm-microtec.com\/it\/wp-json\/wp\/v2\/pages"}],"about":[{"href":"https:\/\/www.stm-microtec.com\/it\/wp-json\/wp\/v2\/types\/page"}],"author":[{"embeddable":true,"href":"https:\/\/www.stm-microtec.com\/it\/wp-json\/wp\/v2\/users\/3"}],"replies":[{"embeddable":true,"href":"https:\/\/www.stm-microtec.com\/it\/wp-json\/wp\/v2\/comments?post=9028"}],"version-history":[{"count":4,"href":"https:\/\/www.stm-microtec.com\/it\/wp-json\/wp\/v2\/pages\/9028\/revisions"}],"predecessor-version":[{"id":10427,"href":"https:\/\/www.stm-microtec.com\/it\/wp-json\/wp\/v2\/pages\/9028\/revisions\/10427"}],"wp:featuredmedia":[{"embeddable":true,"href":"https:\/\/www.stm-microtec.com\/it\/wp-json\/wp\/v2\/media\/9039"}],"wp:attachment":[{"href":"https:\/\/www.stm-microtec.com\/it\/wp-json\/wp\/v2\/media?parent=9028"}],"curies":[{"name":"wp","href":"https:\/\/api.w.org\/{rel}","templated":true}]}}