{"id":8863,"date":"2020-10-07T10:42:01","date_gmt":"2020-10-07T08:42:01","guid":{"rendered":"https:\/\/www.stm-microtec.com\/?page_id=8863"},"modified":"2020-10-07T10:44:31","modified_gmt":"2020-10-07T08:44:31","slug":"mappa-installazioni","status":"publish","type":"page","link":"https:\/\/www.stm-microtec.com\/it\/profilo-aziendale\/mappa-installazioni\/","title":{"rendered":"Mappa Installazioni"},"content":{"rendered":"<div id='av-layout-grid-1'  class='av-layout-grid-container av-b8ou3-3e249abe4dfb04920eaf52310ebb423a entry-content-wrapper main_color av-flex-cells  avia-builder-el-0  el_before_av_one_full  avia-builder-el-first  intropagina av-cell-min-height av-cell-min-height-50  container_wrap fullsize'   data-av_minimum_height_pc='50'>\n\n<style type=\"text\/css\" data-created_by=\"avia_inline_auto\" id=\"style-css-av-kbqcvaj0-5cac2caa97017b0a79719712e6192208\">\n.flex_cell.av-kbqcvaj0-5cac2caa97017b0a79719712e6192208{\nvertical-align:middle;\nbackground-color:#f6f6f6;\n}\n.responsive #top #wrap_all .flex_cell.av-kbqcvaj0-5cac2caa97017b0a79719712e6192208{\npadding:140px 140px 140px 140px !important;\n}\n<\/style>\n<div class='flex_cell av-kbqcvaj0-5cac2caa97017b0a79719712e6192208 av-gridrow-cell av_one_half no_margin  avia-builder-el-1  el_before_av_cell_one_half  avia-builder-el-first '  ><div class='flex_cell_inner'><section  class='av_textblock_section av-kbqcwkom-b5a74fdaad6449ab81074afb797674fb '   itemscope=\"itemscope\" itemtype=\"https:\/\/schema.org\/CreativeWork\" ><div class='avia_textblock'  itemprop=\"text\" ><h1>Mappa Installazioni<\/h1>\n<p>La storia dell\u2019azienda \u00e8 la lunga strada che ha percorso attraverso il mondo per giungere fino a qui.<br \/>\nLa mappa interattiva mostra una panoramica ampia e dettagliata delle nostre installazioni e dei vari settori di applicazione dei nostri prodotti, evidenziando come nel tempo l\u2019azienda si sia sempre pi\u00f9 sviluppata e perfezionata.<br \/>\nNegli anni, STM \u00e8 cresciuta, si \u00e8 specializzata, facendo apprezzare la tecnologia italiana ai pi\u00f9 alti livelli meccanici e tecnici in diversi Paesi di tutto il mondo.<br \/>\nSTM, UN\u2019AZIENDA ITALIANA DIFFUSA NEL MONDO<\/p>\n<\/div><\/section>\n<\/div><\/div>\n<style type=\"text\/css\" data-created_by=\"avia_inline_auto\" id=\"style-css-av-kbqcur00-9e8bef0335895fbb563c47800a477832\">\n.flex_cell.av-kbqcur00-9e8bef0335895fbb563c47800a477832{\nvertical-align:top;\nbackground:url(https:\/\/www.stm-microtec.com\/wp-content\/uploads\/2020\/07\/world_map.jpg) 50% 50% no-repeat scroll ;\n}\n.responsive #top #wrap_all .flex_cell.av-kbqcur00-9e8bef0335895fbb563c47800a477832{\npadding:30px 30px 30px 30px !important;\n}\n<\/style>\n<div class='flex_cell av-kbqcur00-9e8bef0335895fbb563c47800a477832 av-gridrow-cell av_one_half no_margin  avia-builder-el-3  el_after_av_cell_one_half  avia-builder-el-last  avia-full-stretch'  ><div class='flex_cell_inner'>\n<style type=\"text\/css\" data-created_by=\"avia_inline_auto\" id=\"style-css-av-kbqdcvn5-7e682c76f0b1b403c512b01e7bf96a04\">\n#top .hr.hr-invisible.av-kbqdcvn5-7e682c76f0b1b403c512b01e7bf96a04{\nheight:400px;\n}\n<\/style>\n<div  class='hr av-kbqdcvn5-7e682c76f0b1b403c512b01e7bf96a04 hr-invisible  avia-builder-el-4  avia-builder-el-no-sibling '><span class='hr-inner '><span class=\"hr-inner-style\"><\/span><\/span><\/div>\n<\/div><\/div>\n<\/div><div id='after_grid_row_1'  class='main_color av_default_container_wrap container_wrap fullsize'  ><div class='container av-section-cont-open' ><div class='template-page content  av-content-full alpha units'><div class='post-entry post-entry-type-page post-entry-8863'><div class='entry-content-wrapper clearfix'>\n\n<style type=\"text\/css\" data-created_by=\"avia_inline_auto\" id=\"style-css-av-mm9fn-6fe26b616a83b1600b74a24e97188117\">\n.flex_column.av-mm9fn-6fe26b616a83b1600b74a24e97188117{\nborder-radius:0px 0px 0px 0px;\npadding:0px 0px 0px 0px;\n}\n<\/style>\n<div  class='flex_column av-mm9fn-6fe26b616a83b1600b74a24e97188117 av_one_full  avia-builder-el-5  el_after_av_layout_row  avia-builder-el-no-sibling  first flex_column_div av-zero-column-padding  '     ><p><section  class='av_textblock_section av-kck9s9fy-ab4e9e0d31fc312da6d3ae197676ecca '   itemscope=\"itemscope\" itemtype=\"https:\/\/schema.org\/CreativeWork\" ><div class='avia_textblock legenda'  itemprop=\"text\" ><p><img loading=\"lazy\" decoding=\"async\" class=\"alignnone wp-image-1378\" src=\"http:\/\/www.stm-microtec.com\/wp-content\/uploads\/2020\/07\/8.png\" alt=\"\" width=\"15\" height=\"22\" data-wp-editing=\"1\" \/> CHIMICA <img loading=\"lazy\" decoding=\"async\" class=\"alignnone wp-image-1378\" src=\"http:\/\/www.stm-microtec.com\/wp-content\/uploads\/2020\/07\/9.png\" alt=\"\" width=\"15\" height=\"22\" data-wp-editing=\"1\" \/> AMBIENTE E DEPURAZIONE <img loading=\"lazy\" decoding=\"async\" class=\"alignnone wp-image-1378\" src=\"http:\/\/www.stm-microtec.com\/wp-content\/uploads\/2020\/07\/7.png\" alt=\"\" width=\"15\" height=\"22\" data-wp-editing=\"1\" \/> LIFE SCIENCE <img loading=\"lazy\" decoding=\"async\" class=\"alignnone wp-image-1378\" src=\"http:\/\/www.stm-microtec.com\/wp-content\/uploads\/2020\/07\/4.png\" alt=\"\" width=\"15\" height=\"22\" data-wp-editing=\"1\" \/> MINERALI E METALI <img loading=\"lazy\" decoding=\"async\" class=\"alignnone wp-image-1378\" src=\"http:\/\/www.stm-microtec.com\/wp-content\/uploads\/2020\/07\/6.png\" alt=\"\" width=\"15\" height=\"22\" data-wp-editing=\"1\" \/> PIGMENTI E VERNICI <img loading=\"lazy\" decoding=\"async\" class=\"alignnone wp-image-1378\" src=\"http:\/\/www.stm-microtec.com\/wp-content\/uploads\/2020\/07\/5.png\" alt=\"\" width=\"15\" height=\"22\" data-wp-editing=\"1\" \/> GOMME E MATERIE PLASTICHE<\/p>\n<\/div><\/section><br \/>\n<section  class='av_textblock_section av-kbqd4ofm-f0f2fa85b34026a2091e7fbfe251810c '   itemscope=\"itemscope\" itemtype=\"https:\/\/schema.org\/CreativeWork\" ><div class='avia_textblock'  itemprop=\"text\" ><style>\r\n\t#wpsl-stores .wpsl-store-thumb {height:45px !important; width:45px !important;}\r\n\t#wpsl-stores, #wpsl-direction-details, #wpsl-gmap {height:480px !important;}\r\n\t#wpsl-gmap .wpsl-info-window {max-width:225px !important;}\r\n\t.wpsl-input label, #wpsl-radius label, #wpsl-category label {width:95px;}\r\n\t#wpsl-search-input ,#wpsl-category .wpsl-dropdown {width:179px;}\r\n<\/style>\r\n<div id=\"wpsl-wrap\" class=\"wpsl-store-below\">\r\n\t<div class=\"wpsl-search wpsl-clearfix wpsl-filter\">\r\n\t\t<div id=\"wpsl-search-wrap\">\r\n\t\t\t<form autocomplete=\"off\">\r\n\t\t\t<div class=\"wpsl-input\">\r\n\t\t\t\t<div><label for=\"wpsl-search-input\">La tua posizione<\/label><\/div>\r\n\t\t\t\t<input id=\"wpsl-search-input\" type=\"text\" value=\"\" name=\"wpsl-search-input\" placeholder=\"\" aria-required=\"true\" \/>\r\n\t\t\t<\/div>\r\n\t\t\t<div class=\"wpsl-select-wrap\">\r\n\t\t\t\t<div id=\"wpsl-radius\">\r\n\t\t\t\t\t<label for=\"wpsl-radius-dropdown\">Raggio di ricerca<\/label>\r\n\t\t\t\t\t<select id=\"wpsl-radius-dropdown\" class=\"wpsl-dropdown\" name=\"wpsl-radius\">\r\n\t\t\t\t\t\t<option value=\"10\">10 km<\/option><option value=\"25\">25 km<\/option><option selected=\"selected\" value=\"50\">50 km<\/option><option value=\"100\">100 km<\/option><option value=\"200\">200 km<\/option><option value=\"500\">500 km<\/option>\r\n\t\t\t\t\t<\/select>\r\n\t\t\t\t<\/div>\r\n\t\t\t<\/div>\r\n<div id=\"wpsl-category\">\r\n<label for=\"wpsl-category-list\">Categoria<\/label>\r\n<select  name='wpsl-category' id='wpsl-category-list' class='wpsl-dropdown'>\n\t<option value='0'>Qualsiasi<\/option>\n\t<option class=\"level-0\" value=\"299\">CHEMISTRY<\/option>\n\t<option class=\"level-0\" value=\"298\">ENVIRONMENT AND DEPURATION<\/option>\n\t<option class=\"level-0\" value=\"212\">LIFE SCIENCE<\/option>\n\t<option class=\"level-0\" value=\"297\">MINERALS AND METALS<\/option>\n\t<option class=\"level-0\" value=\"219\">PIGMENTS AND PAINTS<\/option>\n\t<option class=\"level-0\" value=\"300\">RUBBERS AND PLASTICS<\/option>\n<\/select>\n<\/div>\r\n\t\t\t\t<div class=\"wpsl-search-btn-wrap\"><input id=\"wpsl-search-btn\" type=\"submit\" value=\"Cerca\"><\/div>\r\n\t\t<\/form>\r\n\t\t<\/div>\r\n\t<\/div>\r\n\t<div class=\"wpsl-gmap-wrap\">\r\n\t\t<div id=\"wpsl-gmap\" class=\"wpsl-gmap-canvas\"><\/div>\r\n\t<\/div>\r\n\t<div id=\"wpsl-result-list\">\r\n\t\t<div id=\"wpsl-stores\" >\r\n\t\t\t<ul><\/ul>\r\n\t\t<\/div>\r\n\t\t<div id=\"wpsl-direction-details\">\r\n\t\t\t<ul><\/ul>\r\n\t\t<\/div>\r\n\t<\/div>\r\n<\/div>\r\n\n<\/div><\/section><\/p><\/div>\n","protected":false},"excerpt":{"rendered":"","protected":false},"author":3,"featured_media":8866,"parent":8825,"menu_order":0,"comment_status":"closed","ping_status":"closed","template":"","meta":{"footnotes":""},"class_list":["post-8863","page","type-page","status-publish","has-post-thumbnail","hentry"],"yoast_head":"<!-- This site is optimized with the Yoast SEO plugin v27.4 - https:\/\/yoast.com\/product\/yoast-seo-wordpress\/ -->\n<title>Mappa Installazioni - STM Microtec<\/title>\n<meta name=\"robots\" content=\"index, follow, max-snippet:-1, max-image-preview:large, max-video-preview:-1\" \/>\n<link rel=\"canonical\" href=\"https:\/\/www.stm-microtec.com\/it\/profilo-aziendale\/mappa-installazioni\/\" \/>\n<meta property=\"og:locale\" content=\"it_IT\" \/>\n<meta property=\"og:type\" content=\"article\" \/>\n<meta property=\"og:title\" content=\"Mappa Installazioni - STM Microtec\" \/>\n<meta property=\"og:url\" content=\"https:\/\/www.stm-microtec.com\/it\/profilo-aziendale\/mappa-installazioni\/\" \/>\n<meta property=\"og:site_name\" content=\"STM Microtec\" \/>\n<meta property=\"article:modified_time\" content=\"2020-10-07T08:44:31+00:00\" \/>\n<meta property=\"og:image\" content=\"https:\/\/www.stm-microtec.com\/wp-content\/uploads\/2020\/07\/world_map.jpg\" \/>\n\t<meta property=\"og:image:width\" content=\"1280\" \/>\n\t<meta property=\"og:image:height\" content=\"853\" \/>\n\t<meta property=\"og:image:type\" content=\"image\/jpeg\" \/>\n<meta name=\"twitter:card\" content=\"summary_large_image\" \/>\n<meta name=\"twitter:label1\" content=\"Tempo di lettura stimato\" \/>\n\t<meta name=\"twitter:data1\" content=\"3 minuti\" \/>\n<script type=\"application\/ld+json\" class=\"yoast-schema-graph\">{\"@context\":\"https:\\\/\\\/schema.org\",\"@graph\":[{\"@type\":\"WebPage\",\"@id\":\"https:\\\/\\\/www.stm-microtec.com\\\/it\\\/profilo-aziendale\\\/mappa-installazioni\\\/\",\"url\":\"https:\\\/\\\/www.stm-microtec.com\\\/it\\\/profilo-aziendale\\\/mappa-installazioni\\\/\",\"name\":\"Mappa Installazioni - STM Microtec\",\"isPartOf\":{\"@id\":\"https:\\\/\\\/www.stm-microtec.com\\\/it\\\/#website\"},\"primaryImageOfPage\":{\"@id\":\"https:\\\/\\\/www.stm-microtec.com\\\/it\\\/profilo-aziendale\\\/mappa-installazioni\\\/#primaryimage\"},\"image\":{\"@id\":\"https:\\\/\\\/www.stm-microtec.com\\\/it\\\/profilo-aziendale\\\/mappa-installazioni\\\/#primaryimage\"},\"thumbnailUrl\":\"https:\\\/\\\/www.stm-microtec.com\\\/wp-content\\\/uploads\\\/2020\\\/07\\\/world_map.jpg\",\"datePublished\":\"2020-10-07T08:42:01+00:00\",\"dateModified\":\"2020-10-07T08:44:31+00:00\",\"breadcrumb\":{\"@id\":\"https:\\\/\\\/www.stm-microtec.com\\\/it\\\/profilo-aziendale\\\/mappa-installazioni\\\/#breadcrumb\"},\"inLanguage\":\"it-IT\",\"potentialAction\":[{\"@type\":\"ReadAction\",\"target\":[\"https:\\\/\\\/www.stm-microtec.com\\\/it\\\/profilo-aziendale\\\/mappa-installazioni\\\/\"]}]},{\"@type\":\"ImageObject\",\"inLanguage\":\"it-IT\",\"@id\":\"https:\\\/\\\/www.stm-microtec.com\\\/it\\\/profilo-aziendale\\\/mappa-installazioni\\\/#primaryimage\",\"url\":\"https:\\\/\\\/www.stm-microtec.com\\\/wp-content\\\/uploads\\\/2020\\\/07\\\/world_map.jpg\",\"contentUrl\":\"https:\\\/\\\/www.stm-microtec.com\\\/wp-content\\\/uploads\\\/2020\\\/07\\\/world_map.jpg\",\"width\":1280,\"height\":853},{\"@type\":\"BreadcrumbList\",\"@id\":\"https:\\\/\\\/www.stm-microtec.com\\\/it\\\/profilo-aziendale\\\/mappa-installazioni\\\/#breadcrumb\",\"itemListElement\":[{\"@type\":\"ListItem\",\"position\":1,\"name\":\"Home\",\"item\":\"https:\\\/\\\/www.stm-microtec.com\\\/it\\\/\"},{\"@type\":\"ListItem\",\"position\":2,\"name\":\"Profilo aziendale\",\"item\":\"https:\\\/\\\/www.stm-microtec.com\\\/it\\\/profilo-aziendale\\\/\"},{\"@type\":\"ListItem\",\"position\":3,\"name\":\"Mappa Installazioni\"}]},{\"@type\":\"WebSite\",\"@id\":\"https:\\\/\\\/www.stm-microtec.com\\\/it\\\/#website\",\"url\":\"https:\\\/\\\/www.stm-microtec.com\\\/it\\\/\",\"name\":\"STM Microtec\",\"description\":\"INTEGRATED SOLUTIONS AND GRINDING TESTS FOR MILLING AND DOSING TECHNOLOGIES\",\"publisher\":{\"@id\":\"https:\\\/\\\/www.stm-microtec.com\\\/it\\\/#organization\"},\"potentialAction\":[{\"@type\":\"SearchAction\",\"target\":{\"@type\":\"EntryPoint\",\"urlTemplate\":\"https:\\\/\\\/www.stm-microtec.com\\\/it\\\/?s={search_term_string}\"},\"query-input\":{\"@type\":\"PropertyValueSpecification\",\"valueRequired\":true,\"valueName\":\"search_term_string\"}}],\"inLanguage\":\"it-IT\"},{\"@type\":\"Organization\",\"@id\":\"https:\\\/\\\/www.stm-microtec.com\\\/it\\\/#organization\",\"name\":\"STM Microtec\",\"url\":\"https:\\\/\\\/www.stm-microtec.com\\\/it\\\/\",\"logo\":{\"@type\":\"ImageObject\",\"inLanguage\":\"it-IT\",\"@id\":\"https:\\\/\\\/www.stm-microtec.com\\\/it\\\/#\\\/schema\\\/logo\\\/image\\\/\",\"url\":\"https:\\\/\\\/www.stm-microtec.com\\\/wp-content\\\/uploads\\\/2021\\\/06\\\/favicon.png\",\"contentUrl\":\"https:\\\/\\\/www.stm-microtec.com\\\/wp-content\\\/uploads\\\/2021\\\/06\\\/favicon.png\",\"width\":2928,\"height\":2928,\"caption\":\"STM Microtec\"},\"image\":{\"@id\":\"https:\\\/\\\/www.stm-microtec.com\\\/it\\\/#\\\/schema\\\/logo\\\/image\\\/\"}}]}<\/script>\n<!-- \/ Yoast SEO plugin. -->","yoast_head_json":{"title":"Mappa Installazioni - STM Microtec","robots":{"index":"index","follow":"follow","max-snippet":"max-snippet:-1","max-image-preview":"max-image-preview:large","max-video-preview":"max-video-preview:-1"},"canonical":"https:\/\/www.stm-microtec.com\/it\/profilo-aziendale\/mappa-installazioni\/","og_locale":"it_IT","og_type":"article","og_title":"Mappa Installazioni - STM Microtec","og_url":"https:\/\/www.stm-microtec.com\/it\/profilo-aziendale\/mappa-installazioni\/","og_site_name":"STM Microtec","article_modified_time":"2020-10-07T08:44:31+00:00","og_image":[{"width":1280,"height":853,"url":"https:\/\/www.stm-microtec.com\/wp-content\/uploads\/2020\/07\/world_map.jpg","type":"image\/jpeg"}],"twitter_card":"summary_large_image","twitter_misc":{"Tempo di lettura stimato":"3 minuti"},"schema":{"@context":"https:\/\/schema.org","@graph":[{"@type":"WebPage","@id":"https:\/\/www.stm-microtec.com\/it\/profilo-aziendale\/mappa-installazioni\/","url":"https:\/\/www.stm-microtec.com\/it\/profilo-aziendale\/mappa-installazioni\/","name":"Mappa Installazioni - STM Microtec","isPartOf":{"@id":"https:\/\/www.stm-microtec.com\/it\/#website"},"primaryImageOfPage":{"@id":"https:\/\/www.stm-microtec.com\/it\/profilo-aziendale\/mappa-installazioni\/#primaryimage"},"image":{"@id":"https:\/\/www.stm-microtec.com\/it\/profilo-aziendale\/mappa-installazioni\/#primaryimage"},"thumbnailUrl":"https:\/\/www.stm-microtec.com\/wp-content\/uploads\/2020\/07\/world_map.jpg","datePublished":"2020-10-07T08:42:01+00:00","dateModified":"2020-10-07T08:44:31+00:00","breadcrumb":{"@id":"https:\/\/www.stm-microtec.com\/it\/profilo-aziendale\/mappa-installazioni\/#breadcrumb"},"inLanguage":"it-IT","potentialAction":[{"@type":"ReadAction","target":["https:\/\/www.stm-microtec.com\/it\/profilo-aziendale\/mappa-installazioni\/"]}]},{"@type":"ImageObject","inLanguage":"it-IT","@id":"https:\/\/www.stm-microtec.com\/it\/profilo-aziendale\/mappa-installazioni\/#primaryimage","url":"https:\/\/www.stm-microtec.com\/wp-content\/uploads\/2020\/07\/world_map.jpg","contentUrl":"https:\/\/www.stm-microtec.com\/wp-content\/uploads\/2020\/07\/world_map.jpg","width":1280,"height":853},{"@type":"BreadcrumbList","@id":"https:\/\/www.stm-microtec.com\/it\/profilo-aziendale\/mappa-installazioni\/#breadcrumb","itemListElement":[{"@type":"ListItem","position":1,"name":"Home","item":"https:\/\/www.stm-microtec.com\/it\/"},{"@type":"ListItem","position":2,"name":"Profilo aziendale","item":"https:\/\/www.stm-microtec.com\/it\/profilo-aziendale\/"},{"@type":"ListItem","position":3,"name":"Mappa Installazioni"}]},{"@type":"WebSite","@id":"https:\/\/www.stm-microtec.com\/it\/#website","url":"https:\/\/www.stm-microtec.com\/it\/","name":"STM Microtec","description":"INTEGRATED SOLUTIONS AND GRINDING TESTS FOR MILLING AND DOSING TECHNOLOGIES","publisher":{"@id":"https:\/\/www.stm-microtec.com\/it\/#organization"},"potentialAction":[{"@type":"SearchAction","target":{"@type":"EntryPoint","urlTemplate":"https:\/\/www.stm-microtec.com\/it\/?s={search_term_string}"},"query-input":{"@type":"PropertyValueSpecification","valueRequired":true,"valueName":"search_term_string"}}],"inLanguage":"it-IT"},{"@type":"Organization","@id":"https:\/\/www.stm-microtec.com\/it\/#organization","name":"STM Microtec","url":"https:\/\/www.stm-microtec.com\/it\/","logo":{"@type":"ImageObject","inLanguage":"it-IT","@id":"https:\/\/www.stm-microtec.com\/it\/#\/schema\/logo\/image\/","url":"https:\/\/www.stm-microtec.com\/wp-content\/uploads\/2021\/06\/favicon.png","contentUrl":"https:\/\/www.stm-microtec.com\/wp-content\/uploads\/2021\/06\/favicon.png","width":2928,"height":2928,"caption":"STM Microtec"},"image":{"@id":"https:\/\/www.stm-microtec.com\/it\/#\/schema\/logo\/image\/"}}]}},"_links":{"self":[{"href":"https:\/\/www.stm-microtec.com\/it\/wp-json\/wp\/v2\/pages\/8863","targetHints":{"allow":["GET"]}}],"collection":[{"href":"https:\/\/www.stm-microtec.com\/it\/wp-json\/wp\/v2\/pages"}],"about":[{"href":"https:\/\/www.stm-microtec.com\/it\/wp-json\/wp\/v2\/types\/page"}],"author":[{"embeddable":true,"href":"https:\/\/www.stm-microtec.com\/it\/wp-json\/wp\/v2\/users\/3"}],"replies":[{"embeddable":true,"href":"https:\/\/www.stm-microtec.com\/it\/wp-json\/wp\/v2\/comments?post=8863"}],"version-history":[{"count":3,"href":"https:\/\/www.stm-microtec.com\/it\/wp-json\/wp\/v2\/pages\/8863\/revisions"}],"predecessor-version":[{"id":8868,"href":"https:\/\/www.stm-microtec.com\/it\/wp-json\/wp\/v2\/pages\/8863\/revisions\/8868"}],"up":[{"embeddable":true,"href":"https:\/\/www.stm-microtec.com\/it\/wp-json\/wp\/v2\/pages\/8825"}],"wp:featuredmedia":[{"embeddable":true,"href":"https:\/\/www.stm-microtec.com\/it\/wp-json\/wp\/v2\/media\/8866"}],"wp:attachment":[{"href":"https:\/\/www.stm-microtec.com\/it\/wp-json\/wp\/v2\/media?parent=8863"}],"curies":[{"name":"wp","href":"https:\/\/api.w.org\/{rel}","templated":true}]}}