{"id":10834,"date":"2025-07-23T17:47:35","date_gmt":"2025-07-23T15:47:35","guid":{"rendered":"https:\/\/www.stm-microtec.com\/?page_id=10834"},"modified":"2025-07-23T17:47:35","modified_gmt":"2025-07-23T15:47:35","slug":"impianto-di-termovalorizzazione-bicarmill-800-per-labbattimento-degli-inquinanti-acidi-nei-fumi","status":"publish","type":"page","link":"https:\/\/www.stm-microtec.com\/it\/news\/impianto-di-termovalorizzazione-bicarmill-800-per-labbattimento-degli-inquinanti-acidi-nei-fumi\/","title":{"rendered":"Impianto di termovalorizzazione: Bicarmill\u00ae 800  per l\u2019abbattimento degli inquinanti acidi nei fumi"},"content":{"rendered":"\n<style type=\"text\/css\" data-created_by=\"avia_inline_auto\" id=\"style-css-av-mdg4w2bc-f76b56dd1e2a56e0ae431068ec1f0bb6\">\n#top .av-special-heading.av-mdg4w2bc-f76b56dd1e2a56e0ae431068ec1f0bb6{\npadding-bottom:10px;\n}\nbody .av-special-heading.av-mdg4w2bc-f76b56dd1e2a56e0ae431068ec1f0bb6 .av-special-heading-tag .heading-char{\nfont-size:25px;\n}\n.av-special-heading.av-mdg4w2bc-f76b56dd1e2a56e0ae431068ec1f0bb6 .av-subheading{\nfont-size:15px;\n}\n<\/style>\n<div  class='av-special-heading av-mdg4w2bc-f76b56dd1e2a56e0ae431068ec1f0bb6 av-special-heading-h3  avia-builder-el-0  el_before_av_one_full  avia-builder-el-first '><h3 class='av-special-heading-tag'  itemprop=\"headline\"  >Impianto di termovalorizzazione: Bicarmill\u00ae 800 per l\u2019abbattimento degli inquinanti acidi nei fumi<\/h3><div class=\"special-heading-border\"><div class=\"special-heading-inner-border\"><\/div><\/div><\/div>\n<div  class='flex_column av-av_one_full-048119fdb636ea3d70edc0b975509c6c av_one_full  avia-builder-el-1  el_after_av_heading  el_before_av_one_full  first flex_column_div  '     ><style type=\"text\/css\" data-created_by=\"avia_inline_auto\" id=\"style-css-av-mdg4wxwv-243458d19917c7d92425e2643fcb658e\">\n.avia-image-container.av-mdg4wxwv-243458d19917c7d92425e2643fcb658e img.avia_image{\nbox-shadow:none;\n}\n.avia-image-container.av-mdg4wxwv-243458d19917c7d92425e2643fcb658e .av-image-caption-overlay-center{\ncolor:#ffffff;\n}\n<\/style>\n<div  class='avia-image-container av-mdg4wxwv-243458d19917c7d92425e2643fcb658e av-styling- avia-align-center  avia-builder-el-2  avia-builder-el-no-sibling '   itemprop=\"image\" itemscope=\"itemscope\" itemtype=\"https:\/\/schema.org\/ImageObject\" ><div class=\"avia-image-container-inner\"><div class=\"avia-image-overlay-wrap\"><img decoding=\"async\" fetchpriority=\"high\" class='wp-image-10826 avia-img-lazy-loading-not-10826 avia_image ' src=\"https:\/\/www.stm-microtec.com\/wp-content\/uploads\/2025\/07\/B630-on-site-495x400.jpg\" alt='' title='B630 on site'  height=\"400\" width=\"495\"  itemprop=\"thumbnailUrl\" srcset=\"https:\/\/www.stm-microtec.com\/wp-content\/uploads\/2025\/07\/B630-on-site-495x400.jpg 495w, https:\/\/www.stm-microtec.com\/wp-content\/uploads\/2025\/07\/B630-on-site-845x684.jpg 845w\" sizes=\"(max-width: 495px) 100vw, 495px\" \/><\/div><\/div><\/div><\/div><div  class='flex_column av-av_one_full-048119fdb636ea3d70edc0b975509c6c av_one_full  avia-builder-el-3  el_after_av_one_full  el_before_av_button  first flex_column_div  column-top-margin'     ><section  class='av_textblock_section av-mdg4xzmb-26b980a98b5d2f4e21967017fb22e49c '   itemscope=\"itemscope\" itemtype=\"https:\/\/schema.org\/CreativeWork\" ><div class='avia_textblock'  itemprop=\"text\" ><p>Nel settore del controllo delle emissioni atmosferiche (Air Pollution Control), uno dei problemi pi\u00f9 critici riguarda l\u2019abbattimento degli inquinanti acidi generati dalla combustione dei rifiuti urbani e industriali. Gas come l\u2019acido cloridrico (HCl) e gli ossidi di zolfo (SOx) devono essere trattati con efficienza per rispettare i limiti emissivi sempre pi\u00f9 stringenti imposti dalle normative europee e internazionali.<\/p>\n<p>Il bicarbonato di sodio \u00e8 ampiamente utilizzato come sorbente secco per neutralizzare questi gas acidi grazie alla sua reattivit\u00e0, ma la sua natura fisica pone sfide significative. In particolare, la tendenza del bicarbonato a impaccarsi durante lo stoccaggio compromette l\u2019efficacia del processo di dosaggio e iniezione, riducendo l\u2019efficienza dell\u2019intero sistema di abbattimento.<\/p>\n<p><strong>La sfida<\/strong><\/p>\n<p>Uno dei principali player internazionali nella progettazione e realizzazione di impianti per il trattamento dei fumi ha affrontato la sfida di abbattere elevate quantit\u00e0 di gas acidi provenienti da un impianto di termovalorizzazione con portate molto alte (fino a 2 tonnellate\/ora di sorbente richiesto).<\/p>\n<p>La criticit\u00e0 tecnica risiedeva nella necessit\u00e0 di:<\/p>\n<ol>\n<li>Mantenere il bicarbonato nella sua forma ottimale per la reazione chimica (fino a una granulometria inferiore ai 35 \u00b5m),<\/li>\n<li>Evitare la formazione di grumi e impacchi durante lo stoccaggio,<\/li>\n<li>Assicurare un\u2019iniezione continua e controllata per massimizzare l\u2019efficienza di abbattimento,<\/li>\n<li>Semplificare l\u2019integrazione dell\u2019impianto nel layout esistente, riducendo i costi e i tempi di installazione.<\/li>\n<\/ol>\n<p><strong>La soluzione: Bicarmill\u00ae 800 di STM Microtec<\/strong><\/p>\n<p>Per soddisfare queste esigenze, STM Microtec ha fornito due unit\u00e0 Bicarmill\u00ae 800, una soluzione plug-and-play che integra in un unico sistema compatto le funzioni di macinazione in linea e iniezione del bicarbonato di sodio.<\/p>\n<p>Il Bicarmill\u00ae \u00e8 progettato per macinare il bicarbonato solo nel momento in cui viene utilizzato, evitando cos\u00ec il deterioramento del materiale durante la fase di stoccaggio. Questo elimina il rischio di impaccamenti e garantisce un flusso costante, omogeneo e reattivo del sorbente.<\/p>\n<p><strong>Vantaggi tecnici e operativi<\/strong><\/p>\n<ol>\n<li><strong>Massima efficienza di reazione<\/strong>: grazie alla capacit\u00e0 della Bicarmill\u00ae di ridurre il bicarbonato a granulometrie inferiori a 35 micron, si ottiene un\u2019ottima dispersione del sorbente e una superficie di contatto maggiore, fondamentale per massimizzare la reazione chimica con gli acidi presenti nei fumi. Questo comporta un rapporto stechiometrico ottimizzato, ovvero minore quantit\u00e0 di bicarbonato necessaria per la stessa capacit\u00e0 di abbattimento.<\/li>\n<li><strong>Eliminazione del rischio di impaccamento<\/strong>: macinando il bicarbonato in tempo reale, il sistema evita completamente i problemi di stoccaggio e intasamento tipici del bicarbonato pre-macinato, migliorando l\u2019affidabilit\u00e0 e la continuit\u00e0 operativa dell\u2019impianto.<\/li>\n<li><strong>Soluzione integrata e compatta<\/strong>: progettata per essere posizionata in modo semplice e sicuro, Bicarmill\u00ae facilita l\u2019installazione e l\u2019integrazione nel sistema esistente, riducendo i tempi di avviamento e i costi di engineering.<\/li>\n<li><strong>Manutenzione semplificata e controllo avanzato<\/strong>: le unit\u00e0 fornite da STM Microtec includono sistemi di controllo avanzati e interfacce intuitive per il monitoraggio in tempo reale dei parametri di processo, rendendo la gestione operativa pi\u00f9 efficiente e trasparente.<\/li>\n<\/ol>\n<p><strong>Conclusione<\/strong><\/p>\n<p>L\u2019adozione del sistema Bicarmill\u00ae 800 di STM Microtec ha rappresentato per il cliente una scelta strategica vincente, sia dal punto di vista tecnico che operativo. L\u2019innovativa soluzione plug-and-play ha garantito una reattivit\u00e0 chimica ottimale del sorbente, migliorando l\u2019efficienza complessiva del sistema di abbattimento e contribuendo al rispetto degli standard emissivi pi\u00f9 severi.<\/p>\n<p>Questo caso conferma come la combinazione tra alta efficienza di abbattimento, affidabilit\u00e0 tecnica e semplicit\u00e0 di integrazione, sia la chiave per affrontare con successo le sfide pi\u00f9 complesse nel campo dell\u2019air pollution control.<\/p>\n<\/div><\/section><\/div><div  class='avia-button-wrap av-mdg4zkeq-828295ebef41005760473028363a3ee3-wrap avia-button-center  avia-builder-el-5  el_after_av_one_full  avia-builder-el-last '><a href='https:\/\/www.stm-microtec.com\/it\/contatti\/'  class='avia-button av-mdg4zkeq-828295ebef41005760473028363a3ee3 avia-icon_select-yes-left-icon avia-size-small avia-position-center avia-color-theme-color'  ><span class='avia_button_icon avia_button_icon_left' aria-hidden='true' data-av_icon='\ue805' data-av_iconfont='entypo-fontello'><\/span><span class='avia_iconbox_title' >CONTATTACI<\/span><\/a><\/div><\/p>\n","protected":false},"excerpt":{"rendered":"","protected":false},"author":3,"featured_media":10826,"parent":9852,"menu_order":0,"comment_status":"closed","ping_status":"closed","template":"","meta":{"footnotes":""},"class_list":["post-10834","page","type-page","status-publish","has-post-thumbnail","hentry"],"yoast_head":"<!-- This site is optimized with the Yoast SEO plugin v27.5 - https:\/\/yoast.com\/product\/yoast-seo-wordpress\/ -->\n<title>Impianto di termovalorizzazione: Bicarmill\u00ae 800 per l\u2019abbattimento degli inquinanti acidi nei fumi - STM Microtec<\/title>\n<meta name=\"robots\" content=\"index, follow, max-snippet:-1, max-image-preview:large, max-video-preview:-1\" \/>\n<link rel=\"canonical\" href=\"https:\/\/www.stm-microtec.com\/it\/news\/impianto-di-termovalorizzazione-bicarmill-800-per-labbattimento-degli-inquinanti-acidi-nei-fumi\/\" \/>\n<meta property=\"og:locale\" content=\"it_IT\" \/>\n<meta property=\"og:type\" content=\"article\" \/>\n<meta property=\"og:title\" content=\"Impianto di termovalorizzazione: Bicarmill\u00ae 800 per l\u2019abbattimento degli inquinanti acidi nei fumi - STM Microtec\" \/>\n<meta property=\"og:url\" content=\"https:\/\/www.stm-microtec.com\/it\/news\/impianto-di-termovalorizzazione-bicarmill-800-per-labbattimento-degli-inquinanti-acidi-nei-fumi\/\" \/>\n<meta property=\"og:site_name\" content=\"STM Microtec\" \/>\n<meta property=\"og:image\" content=\"https:\/\/www.stm-microtec.com\/wp-content\/uploads\/2025\/07\/B630-on-site.jpg\" \/>\n\t<meta property=\"og:image:width\" content=\"1173\" \/>\n\t<meta property=\"og:image:height\" content=\"917\" \/>\n\t<meta property=\"og:image:type\" content=\"image\/jpeg\" \/>\n<meta name=\"twitter:card\" content=\"summary_large_image\" \/>\n<meta name=\"twitter:label1\" content=\"Tempo di lettura stimato\" \/>\n\t<meta name=\"twitter:data1\" content=\"3 minuti\" \/>\n<script type=\"application\/ld+json\" class=\"yoast-schema-graph\">{\"@context\":\"https:\\\/\\\/schema.org\",\"@graph\":[{\"@type\":\"WebPage\",\"@id\":\"https:\\\/\\\/www.stm-microtec.com\\\/it\\\/news\\\/impianto-di-termovalorizzazione-bicarmill-800-per-labbattimento-degli-inquinanti-acidi-nei-fumi\\\/\",\"url\":\"https:\\\/\\\/www.stm-microtec.com\\\/it\\\/news\\\/impianto-di-termovalorizzazione-bicarmill-800-per-labbattimento-degli-inquinanti-acidi-nei-fumi\\\/\",\"name\":\"Impianto di termovalorizzazione: Bicarmill\u00ae 800 per l\u2019abbattimento degli inquinanti acidi nei fumi - STM Microtec\",\"isPartOf\":{\"@id\":\"https:\\\/\\\/www.stm-microtec.com\\\/it\\\/#website\"},\"primaryImageOfPage\":{\"@id\":\"https:\\\/\\\/www.stm-microtec.com\\\/it\\\/news\\\/impianto-di-termovalorizzazione-bicarmill-800-per-labbattimento-degli-inquinanti-acidi-nei-fumi\\\/#primaryimage\"},\"image\":{\"@id\":\"https:\\\/\\\/www.stm-microtec.com\\\/it\\\/news\\\/impianto-di-termovalorizzazione-bicarmill-800-per-labbattimento-degli-inquinanti-acidi-nei-fumi\\\/#primaryimage\"},\"thumbnailUrl\":\"https:\\\/\\\/www.stm-microtec.com\\\/wp-content\\\/uploads\\\/2025\\\/07\\\/B630-on-site.jpg\",\"datePublished\":\"2025-07-23T15:47:35+00:00\",\"breadcrumb\":{\"@id\":\"https:\\\/\\\/www.stm-microtec.com\\\/it\\\/news\\\/impianto-di-termovalorizzazione-bicarmill-800-per-labbattimento-degli-inquinanti-acidi-nei-fumi\\\/#breadcrumb\"},\"inLanguage\":\"it-IT\",\"potentialAction\":[{\"@type\":\"ReadAction\",\"target\":[\"https:\\\/\\\/www.stm-microtec.com\\\/it\\\/news\\\/impianto-di-termovalorizzazione-bicarmill-800-per-labbattimento-degli-inquinanti-acidi-nei-fumi\\\/\"]}]},{\"@type\":\"ImageObject\",\"inLanguage\":\"it-IT\",\"@id\":\"https:\\\/\\\/www.stm-microtec.com\\\/it\\\/news\\\/impianto-di-termovalorizzazione-bicarmill-800-per-labbattimento-degli-inquinanti-acidi-nei-fumi\\\/#primaryimage\",\"url\":\"https:\\\/\\\/www.stm-microtec.com\\\/wp-content\\\/uploads\\\/2025\\\/07\\\/B630-on-site.jpg\",\"contentUrl\":\"https:\\\/\\\/www.stm-microtec.com\\\/wp-content\\\/uploads\\\/2025\\\/07\\\/B630-on-site.jpg\",\"width\":1173,\"height\":917},{\"@type\":\"BreadcrumbList\",\"@id\":\"https:\\\/\\\/www.stm-microtec.com\\\/it\\\/news\\\/impianto-di-termovalorizzazione-bicarmill-800-per-labbattimento-degli-inquinanti-acidi-nei-fumi\\\/#breadcrumb\",\"itemListElement\":[{\"@type\":\"ListItem\",\"position\":1,\"name\":\"Home\",\"item\":\"https:\\\/\\\/www.stm-microtec.com\\\/it\\\/\"},{\"@type\":\"ListItem\",\"position\":2,\"name\":\"News\",\"item\":\"https:\\\/\\\/www.stm-microtec.com\\\/it\\\/news\\\/\"},{\"@type\":\"ListItem\",\"position\":3,\"name\":\"Impianto di termovalorizzazione: Bicarmill\u00ae 800 per l\u2019abbattimento degli inquinanti acidi nei fumi\"}]},{\"@type\":\"WebSite\",\"@id\":\"https:\\\/\\\/www.stm-microtec.com\\\/it\\\/#website\",\"url\":\"https:\\\/\\\/www.stm-microtec.com\\\/it\\\/\",\"name\":\"STM Microtec\",\"description\":\"INTEGRATED SOLUTIONS AND GRINDING TESTS FOR MILLING AND DOSING TECHNOLOGIES\",\"publisher\":{\"@id\":\"https:\\\/\\\/www.stm-microtec.com\\\/it\\\/#organization\"},\"potentialAction\":[{\"@type\":\"SearchAction\",\"target\":{\"@type\":\"EntryPoint\",\"urlTemplate\":\"https:\\\/\\\/www.stm-microtec.com\\\/it\\\/?s={search_term_string}\"},\"query-input\":{\"@type\":\"PropertyValueSpecification\",\"valueRequired\":true,\"valueName\":\"search_term_string\"}}],\"inLanguage\":\"it-IT\"},{\"@type\":\"Organization\",\"@id\":\"https:\\\/\\\/www.stm-microtec.com\\\/it\\\/#organization\",\"name\":\"STM Microtec\",\"url\":\"https:\\\/\\\/www.stm-microtec.com\\\/it\\\/\",\"logo\":{\"@type\":\"ImageObject\",\"inLanguage\":\"it-IT\",\"@id\":\"https:\\\/\\\/www.stm-microtec.com\\\/it\\\/#\\\/schema\\\/logo\\\/image\\\/\",\"url\":\"https:\\\/\\\/www.stm-microtec.com\\\/wp-content\\\/uploads\\\/2021\\\/06\\\/favicon.png\",\"contentUrl\":\"https:\\\/\\\/www.stm-microtec.com\\\/wp-content\\\/uploads\\\/2021\\\/06\\\/favicon.png\",\"width\":2928,\"height\":2928,\"caption\":\"STM Microtec\"},\"image\":{\"@id\":\"https:\\\/\\\/www.stm-microtec.com\\\/it\\\/#\\\/schema\\\/logo\\\/image\\\/\"}}]}<\/script>\n<!-- \/ Yoast SEO plugin. -->","yoast_head_json":{"title":"Impianto di termovalorizzazione: Bicarmill\u00ae 800 per l\u2019abbattimento degli inquinanti acidi nei fumi - STM Microtec","robots":{"index":"index","follow":"follow","max-snippet":"max-snippet:-1","max-image-preview":"max-image-preview:large","max-video-preview":"max-video-preview:-1"},"canonical":"https:\/\/www.stm-microtec.com\/it\/news\/impianto-di-termovalorizzazione-bicarmill-800-per-labbattimento-degli-inquinanti-acidi-nei-fumi\/","og_locale":"it_IT","og_type":"article","og_title":"Impianto di termovalorizzazione: Bicarmill\u00ae 800 per l\u2019abbattimento degli inquinanti acidi nei fumi - STM Microtec","og_url":"https:\/\/www.stm-microtec.com\/it\/news\/impianto-di-termovalorizzazione-bicarmill-800-per-labbattimento-degli-inquinanti-acidi-nei-fumi\/","og_site_name":"STM Microtec","og_image":[{"width":1173,"height":917,"url":"https:\/\/www.stm-microtec.com\/wp-content\/uploads\/2025\/07\/B630-on-site.jpg","type":"image\/jpeg"}],"twitter_card":"summary_large_image","twitter_misc":{"Tempo di lettura stimato":"3 minuti"},"schema":{"@context":"https:\/\/schema.org","@graph":[{"@type":"WebPage","@id":"https:\/\/www.stm-microtec.com\/it\/news\/impianto-di-termovalorizzazione-bicarmill-800-per-labbattimento-degli-inquinanti-acidi-nei-fumi\/","url":"https:\/\/www.stm-microtec.com\/it\/news\/impianto-di-termovalorizzazione-bicarmill-800-per-labbattimento-degli-inquinanti-acidi-nei-fumi\/","name":"Impianto di termovalorizzazione: Bicarmill\u00ae 800 per l\u2019abbattimento degli inquinanti acidi nei fumi - STM Microtec","isPartOf":{"@id":"https:\/\/www.stm-microtec.com\/it\/#website"},"primaryImageOfPage":{"@id":"https:\/\/www.stm-microtec.com\/it\/news\/impianto-di-termovalorizzazione-bicarmill-800-per-labbattimento-degli-inquinanti-acidi-nei-fumi\/#primaryimage"},"image":{"@id":"https:\/\/www.stm-microtec.com\/it\/news\/impianto-di-termovalorizzazione-bicarmill-800-per-labbattimento-degli-inquinanti-acidi-nei-fumi\/#primaryimage"},"thumbnailUrl":"https:\/\/www.stm-microtec.com\/wp-content\/uploads\/2025\/07\/B630-on-site.jpg","datePublished":"2025-07-23T15:47:35+00:00","breadcrumb":{"@id":"https:\/\/www.stm-microtec.com\/it\/news\/impianto-di-termovalorizzazione-bicarmill-800-per-labbattimento-degli-inquinanti-acidi-nei-fumi\/#breadcrumb"},"inLanguage":"it-IT","potentialAction":[{"@type":"ReadAction","target":["https:\/\/www.stm-microtec.com\/it\/news\/impianto-di-termovalorizzazione-bicarmill-800-per-labbattimento-degli-inquinanti-acidi-nei-fumi\/"]}]},{"@type":"ImageObject","inLanguage":"it-IT","@id":"https:\/\/www.stm-microtec.com\/it\/news\/impianto-di-termovalorizzazione-bicarmill-800-per-labbattimento-degli-inquinanti-acidi-nei-fumi\/#primaryimage","url":"https:\/\/www.stm-microtec.com\/wp-content\/uploads\/2025\/07\/B630-on-site.jpg","contentUrl":"https:\/\/www.stm-microtec.com\/wp-content\/uploads\/2025\/07\/B630-on-site.jpg","width":1173,"height":917},{"@type":"BreadcrumbList","@id":"https:\/\/www.stm-microtec.com\/it\/news\/impianto-di-termovalorizzazione-bicarmill-800-per-labbattimento-degli-inquinanti-acidi-nei-fumi\/#breadcrumb","itemListElement":[{"@type":"ListItem","position":1,"name":"Home","item":"https:\/\/www.stm-microtec.com\/it\/"},{"@type":"ListItem","position":2,"name":"News","item":"https:\/\/www.stm-microtec.com\/it\/news\/"},{"@type":"ListItem","position":3,"name":"Impianto di termovalorizzazione: Bicarmill\u00ae 800 per l\u2019abbattimento degli inquinanti acidi nei fumi"}]},{"@type":"WebSite","@id":"https:\/\/www.stm-microtec.com\/it\/#website","url":"https:\/\/www.stm-microtec.com\/it\/","name":"STM Microtec","description":"INTEGRATED SOLUTIONS AND GRINDING TESTS FOR MILLING AND DOSING TECHNOLOGIES","publisher":{"@id":"https:\/\/www.stm-microtec.com\/it\/#organization"},"potentialAction":[{"@type":"SearchAction","target":{"@type":"EntryPoint","urlTemplate":"https:\/\/www.stm-microtec.com\/it\/?s={search_term_string}"},"query-input":{"@type":"PropertyValueSpecification","valueRequired":true,"valueName":"search_term_string"}}],"inLanguage":"it-IT"},{"@type":"Organization","@id":"https:\/\/www.stm-microtec.com\/it\/#organization","name":"STM Microtec","url":"https:\/\/www.stm-microtec.com\/it\/","logo":{"@type":"ImageObject","inLanguage":"it-IT","@id":"https:\/\/www.stm-microtec.com\/it\/#\/schema\/logo\/image\/","url":"https:\/\/www.stm-microtec.com\/wp-content\/uploads\/2021\/06\/favicon.png","contentUrl":"https:\/\/www.stm-microtec.com\/wp-content\/uploads\/2021\/06\/favicon.png","width":2928,"height":2928,"caption":"STM Microtec"},"image":{"@id":"https:\/\/www.stm-microtec.com\/it\/#\/schema\/logo\/image\/"}}]}},"_links":{"self":[{"href":"https:\/\/www.stm-microtec.com\/it\/wp-json\/wp\/v2\/pages\/10834","targetHints":{"allow":["GET"]}}],"collection":[{"href":"https:\/\/www.stm-microtec.com\/it\/wp-json\/wp\/v2\/pages"}],"about":[{"href":"https:\/\/www.stm-microtec.com\/it\/wp-json\/wp\/v2\/types\/page"}],"author":[{"embeddable":true,"href":"https:\/\/www.stm-microtec.com\/it\/wp-json\/wp\/v2\/users\/3"}],"replies":[{"embeddable":true,"href":"https:\/\/www.stm-microtec.com\/it\/wp-json\/wp\/v2\/comments?post=10834"}],"version-history":[{"count":2,"href":"https:\/\/www.stm-microtec.com\/it\/wp-json\/wp\/v2\/pages\/10834\/revisions"}],"predecessor-version":[{"id":10837,"href":"https:\/\/www.stm-microtec.com\/it\/wp-json\/wp\/v2\/pages\/10834\/revisions\/10837"}],"up":[{"embeddable":true,"href":"https:\/\/www.stm-microtec.com\/it\/wp-json\/wp\/v2\/pages\/9852"}],"wp:featuredmedia":[{"embeddable":true,"href":"https:\/\/www.stm-microtec.com\/it\/wp-json\/wp\/v2\/media\/10826"}],"wp:attachment":[{"href":"https:\/\/www.stm-microtec.com\/it\/wp-json\/wp\/v2\/media?parent=10834"}],"curies":[{"name":"wp","href":"https:\/\/api.w.org\/{rel}","templated":true}]}}